{"id":500,"date":"2015-01-12T15:49:15","date_gmt":"2015-01-12T15:49:15","guid":{"rendered":"https:\/\/writinghistory.de\/?page_id=500"},"modified":"2024-09-03T08:34:57","modified_gmt":"2024-09-03T08:34:57","slug":"zu-meiner-person","status":"publish","type":"page","link":"https:\/\/writinghistory.de\/de\/zu-meiner-person\/","title":{"rendered":"Zu meiner person &#8211; Pers\u00f6nliche Geschichte"},"content":{"rendered":"<div class=\"two_columns_66_33 clearfix\"><div class=\"column1\"><div class=\"column_inner\">\n<h2 style=\"text-align: center; color: #490002; margin-bottom: 20px; font-weight: normal; margin-top: 17px;\">\u2018Historikerin von Anfang an, Germanistin um der Liebe willen\u2019<\/h2>\n<h4 style=\"text-align: center; font-style: italic; margin-bottom: 40px; line-height: 28px;\">Was ist Geschichte, wenn nicht das Erz\u00e4hlen und Verstehen von Geschichten? Gerade deshalb gibt es\u2014im Gegensatz zum Englischen\u2014in vielen europ\u00e4ischen Sprachen daf\u00fcr auch nur einen Begriff. Hier ist meine \u201eGeschichte\u201c\u2014eine Geschichte lebenslanger Neugier, vieler Reisen und eines unerwarteten Schicksals\u2014mit einem Hauch M\u00e4rchenromantik!<\/h4>\n<h5 style=\"text-align: center; font-style: italic; margin-bottom: 40px; line-height: 28px;\">Klicken Sie auf die Schaltfl\u00e4chen, um mehr \u00fcber meine Geschichte und die Stationen meiner Ausbildung zur Historikerin und \u00dcbersetzerin zu erfahren.<\/h5>\n<div class=\"tabs with_border normal\"><ul class=\"tabs-nav\"><li><a href=\"#tabid1\">North Carolina:<\/a><\/li><li><a href=\"#tabid2\">M\u00fcnchen:<\/a><\/li><li><a href=\"#tabid3\">Marburg:<\/a><\/li><li><a href=\"#tabid4\">Berkeley:<\/a><\/li><li><a href=\"#tabid5\">Kassel:<\/a><\/li><li><a href=\"#tabid6\">Und weiter?<\/a><\/li><\/ul><div class=\"tabs-container\">\n<div id=\"tabid1\" class=\"tab-content\">\n<div style=\"float: left; margin-right: 20px; margin-top: 16px; width: 15.8%;\">\n<p><img decoding=\"async\" src=\"https:\/\/writinghistory.de\/wp-content\/uploads\/2015\/01\/Depositphotos_24759767_xs.jpg\" alt=\"\" \/><\/p>\n<p style=\"font-style: italic; text-align: center;\">Abu-Simbel-Tempel, Aswan, \u00c4gypten<\/p>\n<\/div>\n<p>Schon als Kind in North Carolina hat mich Geschichte fasziniert, seien es die \u00e4gyptischen Exponate in der <a href=\"http:\/\/de.wikipedia.org\/wiki\/Ramses_II.\" target=\"_blank\" rel=\"noopener noreferrer\">Ramses<\/a>-Austellung, die ich mit meiner Grundschulklasse besuchte, oder die B\u00fcrgerrechtsbewegung um Martin Luther King Jr., dessen &#8222;<a href=\"https:\/\/www.youtube.com\/watch?v=3vDWWy4CMhE\" target=\"_blank\" rel=\"noopener noreferrer\">I have a dream<\/a>&#8222;-Rede ich in der Mittelstufe auswendig lernte.<\/p>\n<p>Stellen Sie sich vor, wie ich den Katalog der Ausstellung studierte oder mich in ein Buch vertiefte. W\u00e4hrend die anderen Kinder drau\u00dfen spielten, habe ich ferne, verschollene Welten entdeckt.<br \/>\n<\/div>\n<div id=\"tabid2\" class=\"tab-content\">\n<div style=\"float: left; margin-right: 20px; margin-top: 6px; width: 15.8%;\">\n<p><img decoding=\"async\" src=\"https:\/\/writinghistory.de\/wp-content\/uploads\/2023\/06\/wh.jpg\" alt=\"\" \/><\/p>\n<p style=\"font-style: italic; text-align: center;\">Frauenkirche, M\u00fcnchen, Deutschland<\/p>\n<\/div>\n<p>Ich hatte schon immer die Absicht, Geschichte zu studieren, aber Deutsch habe ich am <a href=\"www.guilford.edu\" target=\"_blank\" rel=\"noopener noreferrer\">Guilford College<\/a> nur gew\u00e4hlt, weil es hie\u00df, dass der Professor geistreich und humorvoll sei (was er auch war!). Als ich etwas Deutsch konnte, entschied ich mich daf\u00fcr, mein Auslandssemester lieber in M\u00fcnchen als in London zu verbringen, da ich erwartete, mein Deutsch nach meinem Abschluss \u2014mangels aktiver \u00dcbungsm\u00f6glichkeit\u2014sowieso schnell zu vergessen.<\/p>\n<p>Selten lag ich in meinem Leben so falsch! W\u00e4hrend der vier Monate des ersten Auslandssemesters lernte ich die deutsche Kultur und Geschichte, mit all ihren Herausforderungen und Widerspr\u00fcchen, so sch\u00e4tzen, dass ich mich gleich um ein zweites Auslandssemester bewarb und mich neben Geschichte f\u00fcr Germanistik als Hauptfach entschied.<\/p>\n<p>Die W\u00fcrfel waren gefallen.<br \/>\n<\/div>\n<div id=\"tabid3\" class=\"tab-content\">\n<div style=\"float: left; margin-right: 20px; margin-top: 6px; width: 23.5%; margin-bottom: 22px;\">\n<p><img decoding=\"async\" src=\"https:\/\/writinghistory.de\/wp-content\/uploads\/2014\/12\/800px-Payerbach_-_Pfarrkirche_-_Fenster_1953_hl_Elisabeth_in_der_Taufkapelle.jpg\" alt=\"\" \/><\/p>\n<p style=\"font-style: italic; text-align: center;\">Hl. Elisabeth von Th\u00fcringen, Payerbach, \u00d6sterreich<br \/>\n(Photo: Wikimedia\/H\u00e4ferl, license <a href=\"https:\/\/commons.wikimedia.org\/wiki\/File:Payerbach_-_Pfarrkirche_-_Fenster_1953_hl_Elisabeth_in_der_Taufkapelle.jpg\" target=\"_blank\" rel=\"noopener\">here<\/a>)<\/p>\n<\/div>\n<p>Nach meinem Bachelor-Abschluss bekam ich ein <a href=\"http:\/\/www.fulbright.de\/commission\/about-the-program\/description-of-the-program\/\" target=\"_blank\" rel=\"noopener noreferrer\">Fulbright-Stipendium<\/a> , um ein Jahr an der Universit\u00e4t Marburg zu studieren. Dort hatte ich das Gl\u00fcck, in der <a href=\"http:\/\/de.wikipedia.org\/wiki\/Hessische_Stipendiatenanstalt\" target=\"_blank\" rel=\"noopener noreferrer\">Hessischen Stipendiatenanstalt<\/a> aufgenommen zu werden und im alten Marstallgeb\u00e4ude des Landgrafenschlosses wohnen zu d\u00fcrfen. Zuhause gab es nun viele Witze dar\u00fcber, dass ich jetzt eine Prinzessin sei, deren Herz bald im Sturm erobert werden w\u00fcrde. Trotz meines Bestrebens, die Witze zu widerlegen, gab es diesen einen Mitbewohner, dessen Augen anscheinend immer leuchteten, wenn ich den Raum betrat.<\/div>\n<div id=\"tabid4\" class=\"tab-content\">\n<div style=\"float: left; margin-right: 20px; margin-top: 6px; width: 15%;\">\n<p><img decoding=\"async\" src=\"https:\/\/writinghistory.de\/wp-content\/uploads\/2015\/01\/Depositphotos_6434528_xs.jpg\" alt=\"\" \/><\/p>\n<p style=\"font-style: italic; text-align: center;\">Golden-Gate-Bridge, San Francisco, Kalif., USA<\/p>\n<\/div>\n<p>Der Abschiedsschmerz war heftig, aber ich wollte mein Studium der Reformation fortsetzen und war zur Promotion an der <a href=\"http:\/\/history.berkeley.edu\/\" target=\"_blank\" rel=\"noopener noreferrer\">Universit\u00e4t von Kalifornien in Berkeley<\/a> bei einem f\u00fchrenden <a href=\"https:\/\/history.berkeley.edu\/people\/faculty\/emeritus\/thomas-brady\" target=\"_blank\" rel=\"noopener noreferrer\">Reformationshistoriker<\/a> zugelassen worden. Und so f\u00fchrte mich meine Reise an die amerikanische Westk\u00fcste, wo ich drei Jahre lang die Golden Gate Bridge von meinem K\u00fcchenfenster aus sehen konnte und viel Freude am Geruch der Eukalyptusb\u00e4ume und am Nebel hatte, der von der Bucht von San Francisco aufstieg.<\/p>\n<p>In Berkeley studierte ich neben der Fr\u00fchen Neuzeit auch die deutsche Mystik und die Geschichte des abendl\u00e4ndischen Christentums seit dem Mittelalter. Es war eine aufregende Zeit, aber ich vermisste die wechselnden Jahreszeiten und die deutsche Kultur, in der ich mich schon ein wenig zuhause f\u00fchlte. Deswegen kehrte ich 2005 nach Deutschland (und zu meinem ehemaligen Mitbewohner) zur\u00fcck und verbrachte zwei Jahre damit, Quellen aus dem hessischen Staatsarchiv f\u00fcr meine Dissertation zu verarbeiten.<br \/>\n<\/div>\n<div id=\"tabid5\" class=\"tab-content\">\n<div style=\"float: left; margin-right: 20px; margin-top: 6px; width: 18%; margin-bottom: 20px;\">\n<p><img decoding=\"async\" src=\"https:\/\/writinghistory.de\/wp-content\/uploads\/2014\/12\/depositphotos_9402036-View-from-the-Herkules-in-Kassel.jpg\" alt=\"\" \/><\/p>\n<p style=\"font-style: italic; text-align: center;\">Blick vom Herkules \u00fcber Kassel, Deutschland<\/p>\n<\/div>\n<p>2007 heiratete ich (wen wohl?) und zog nach <a href=\"http:\/\/www.kassel.de\/stadt\/\" target=\"_blank\" rel=\"noopener noreferrer\">Kassel<\/a>, wo ich die Doktorarbeit fertig schrieb, f\u00fcr die die Universit\u00e4t von Kalifornien mir 2008 den Doktortitel verlieh. Kurz danach fing ich an in Teilzeit Englisch zu unterrichten und \u00fcbersetzte meine ersten wissenschaftlichen Aufs\u00e4tze. Seitdem habe ich mehrere <a href=\"https:\/\/writinghistory.de\/de\/portfolio\/#fertige-buchubersetzungen\">Monografien<\/a> \u00fcbersetzt, Drittmittelantr\u00e4ge lektoriert, Wissenschaftlern beim Aufsetzen von Bewerbungsschreiben geholfen, Posts f\u00fcr eine <a href=\"https:\/\/www.facebook.com\/RoadtotheReformation\/\" target=\"_blank\" rel=\"noopener noreferrer\">Social-Media-Kampagne<\/a> geschrieben, an einem Projekt zur Digitalisierung von Quellen zur <a href=\"http:\/\/jewish-history-online.net\/\" target=\"_blank\" rel=\"noopener noreferrer\">Geschichte der Juden in Hamburg-Altona<\/a> mitgewirkt und englischsprachigen Besuchern eine <a href=\"https:\/\/www.uni-marburg.de\/uni-museum\/re-formation-education\/index_html-en?set_language=en\" target=\"_blank\" rel=\"noopener noreferrer\">Ausstellung zum Luther-Jahr 2017<\/a> zug\u00e4nglich gemacht.<\/div>\n<div id=\"tabid6\" class=\"tab-content\">\n<div style=\"float: left; margin-right: 20px; margin-top: 17px; width: 15%;\"><img decoding=\"async\" src=\"https:\/\/writinghistory.de\/wp-content\/uploads\/2015\/01\/Depositphotos_3940157_s.jpg\" alt=\"\" \/><\/div>\n<p>Und so geht die Reise weiter. Durch meine Ausbildung und meine Erfahrungen in Deutschland bringe ich eine besondere Kombination von wissenschaftlichen Kompetenzen und Sprachgef\u00fchl f\u00fcr meine Arbeit mit. So kann ich wichtige wissenschaftliche Erkenntnisse einem breiteren Publikum zug\u00e4nglich machen, sei es durch die \u00dcbersetzung eines Aufsatzes ins Englische, die \u00dcberarbeitung eines Vortrags f\u00fcr eine internationale Tagung oder die Produktion ansprechender Texte f\u00fcr ein Museum, das seine Ausstellung einem internationalen Publikum zug\u00e4nglich machen m\u00f6chte.<\/p>\n<p>Jeder neue Text stellt ein Tor in eine dieser \u201efernen, verschollenen\u201c Welten dar, die mich schon immer faszinierten; au\u00dferdem bietet jeder Auftrag die M\u00f6glichkeit mit Menschen zu kommunizieren, die \u00e4hnlich wie ich leidenschaftlich der Vergangenheit nachgehen, und ihnen eine effektivere Kommunikation im Englischen zu erm\u00f6glichen.<br \/>\n<\/div>\n<\/div><\/div>\n<\/div><\/div>\n<div class=\"column2\"><div class=\"column_inner\"><img decoding=\"async\" style=\"width: 349px; margin: 9px auto 0px; display: block;\" src=\"https:\/\/writinghistory.de\/wp-content\/uploads\/2015\/01\/IMG_3273-cropped1.jpg\" alt=\"\" \/><\/div><\/div><\/div>\n<h5 style=\"text-align: center; font-style: italic; line-height: 28px;\">Mehr \u00fcber die Bilder auf meiner Homepages und was ich mit den Bildern verbinde, erfahren Sie <a href=\"https:\/\/writinghistory.de\/picture-info\/\">hier<\/a>.<\/h5>\n<div style=\"margin-top:40px;margin-bottom:40px;background-color: #ccc;height:1px;\" class=\"separator normal\"><\/div>\n<div class=\"two_columns_50_50 clearfix\"><div class=\"column1\"><div class=\"column_inner\">\n<h3 style=\"color: #490002; margin-bottom: 20px;\">Qualifikationen:<\/h3>\n<div class='list circle animate_list'>\n<ul>\n<li>Englisch-Muttersprachlerin, geb\u00fcrtig aus North Carolina, USA<\/li>\n<li>B.A.: Geschichte und Germanistik, <a title=\"Guilford College, Greensboro, NC\" href=\"http:\/\/www.guilford.edu\" target=\"_blank\" rel=\"noopener noreferrer\">Guilford College<\/a>, Greensboro, NC, USA<\/li>\n<li>M.A.: Fr\u00fche Neuzeit, <a href=\"http:\/\/history.berkeley.edu\/\" target=\"_blank\" rel=\"noopener noreferrer\">Universit\u00e4t von Kalifornien in Berkeley<\/a><\/li>\n<li>Ph.D.: Fr\u00fche Neuzeit, <a href=\"http:\/\/history.berkeley.edu\/\" target=\"_blank\" rel=\"noopener noreferrer\">Universit\u00e4t von Kalifornien in Berkeley<\/a><\/li>\n<li>Mitglied der <a href=\"https:\/\/www.atanet.org\/\" target=\"_blank\" rel=\"noopener noreferrer\">American Translators Association<\/a> (ATA) und des Bundesverbands der Dolmetscher und \u00dcbersetzer (BD\u00dc)<\/li>\n<li>Mitglied mehrerer geschichtswissenschaftlicher Verb\u00e4nde, u.a. der <a href=\"https:\/\/www.historians.org\/\" target=\"_blank\" rel=\"noopener noreferrer\">American Historical Association<\/a> (AHA) und des <a href=\"http:\/\/www.historikerverband.de\/\" target=\"_blank\" rel=\"noopener noreferrer\">Verbandes Historiker und Historikerinnen Deutschlands<\/a><\/li>\n<li>Ehemalige Fulbright-Stipendiatin, ehemalige DAAD-Stipendiatin<\/li>\n<\/ul>\n<\/div>\n<p><img decoding=\"async\" style=\"max-width: 170px; float: left; margin-right: 20px;\" src=\"https:\/\/writinghistory.de\/wp-content\/uploads\/2015\/10\/ATA_logo_web_ind.jpg\" \/><img decoding=\"async\" style=\"max-width: 170px; float: left; margin-right: 20px;\" src=\"https:\/\/writinghistory.de\/wp-content\/uploads\/2021\/02\/bdu.jpg\" \/><img decoding=\"async\" style=\"max-width: 170px; float: left; margin-top: 25px;\" src=\"https:\/\/writinghistory.de\/wp-content\/uploads\/2015\/10\/Logo_VHD_RGB_2.png\" \/><\/p>\n<p style=\"clear: both;\">Sie k\u00f6nnen gerne einen detaillierten Lebenslauf anfordern; <a href=\"https:\/\/writinghistory.de\/de\/kontakt\/\">kontaktieren<\/a> Sie mich einfach!<\/p>\n<\/div><\/div>\n<div class=\"column2\"><div class=\"column_inner\">\n<h3 style=\"color: #490002; margin-bottom: 20px;\">Weiterbildungen:<\/h3>\n<div class='list circle animate_list'>\n<ul>\n<li><a href=\"https:\/\/seminare.bdue.de\/5475\" target=\"_blank\" rel=\"noopener\">Academic Translation Workshop<\/a> at Ebernburg Castle, organizer (with BD\u00dc, 2022)<\/li>\n<li>ATA Workshops in Europe (2016 Munich; 2017 Karlsruhe; 2018 Berlin; 2019 T\u00fcbingen; 2020 Erfurt; 2024 Leipzig)<\/li>\n<li>Netzwerktreffen der <a href=\"https:\/\/www.uni-mannheim.de\/servicestelle-fuer-uebersetzung\/netzwerk-hochschuluebersetzerinnen\/\" target=\"_blank\" rel=\"noopener\">Hochschul\u00fcbersetzer:innen<\/a> in Mannheim (2018; 2019; <a href=\"https:\/\/ata-divisions.org\/GLD\/netzwerktreffen-der-hochschulubersetzerinnen-in-mannheim\/\" target=\"_blank\" rel=\"noopener\">2023<\/a>)<\/li>\n<li><a href=\"https:\/\/www.bdue-fachverlag.de\/weiterbildung\/translate_better_en\" target=\"_blank\" rel=\"noopener\">Translate Better<\/a> in Gro\u00df Behnitz, Deutschland (2018)<\/li>\n<li>German Studies Association Tagung in Pittsburgh, PA, USA (2018)<\/li>\n<li>RefoRC Tagung in Wittenberg (2017)<\/li>\n<li>Historikertag in Dresden (2008), G\u00f6ttingen (2014), Hamburg (2016)<\/li>\n<li>ATA Tagung in Chicago, Illinois (2014), San Francisco (2016)<\/li>\n<li>Praktikum im Hessischen Staatsarchiv Marburg (2007)<\/li>\n<li>Deutsches Historisches Institut &#8222;<a href=\"http:\/\/www.ghi-dc.org\/index.php?option=com_content&amp;view=article&amp;id=279&amp;Itemid=63\" target=\"_blank\" rel=\"noopener noreferrer\">Summer School<\/a>&#8220; f\u00fcr Archivwesen (2003)<\/li>\n<\/ul>\n<\/div>\n<p><img decoding=\"async\" src=\"https:\/\/writinghistory.de\/wp-content\/uploads\/2014\/12\/1280px-South_Hall-UC_Berkeley-Panoramic2.jpg\" alt=\"\" \/><\/p>\n<p style=\"font-style: italic; text-align: center;\">South Hall, das \u00e4lteste Geb\u00e4ude der Universit\u00e4t von Kalifornien, Berkeley, USA<\/p>\n<p style=\"font-style: italic; text-align: center;\">(Photo: Falcorian\/Wikimedia, license <a href=\"https:\/\/commons.wikimedia.org\/wiki\/File:South_Hall--UC_Berkeley--Panoramic.jpg\" target=\"_blank\" rel=\"noopener\">here<\/a>)<\/p>\n<p>&nbsp;<\/p>\n<\/div><\/div><\/div>\n<div style=\"margin-top:40px;margin-bottom:40px;background-color: #ccc;height:1px;\" class=\"separator normal\"><\/div>\n<h3 class=\"fancy-font\" style=\"text-align: center; color: #490002; margin-bottom: 20px; font-weight: normal; font-size: 50px!important;\">Writing\u00a0\u00a0History: \u00a0Scholarship with \u00a0 Style<\/h3>\n<div style=\"margin-top:40px;margin-bottom:40px;background-color: #ccc;height:1px;\" class=\"separator normal\"><\/div>\n<div class=\"two_columns_33_66 clearfix\"><div class=\"column1\"><div class=\"column_inner\">\n<img decoding=\"async\" src=\"https:\/\/writinghistory.de\/wp-content\/uploads\/2014\/12\/spiekeroog-church.jpg\" alt=\"\" \/><\/p>\n<p style=\"font-style: italic; text-align: center;\">Historische Dorfkirche auf Spiekeroog, Deutschland<\/p>\n<p style=\"text-align: center;\"><i>Bildarchiv Nordseebad Spiekeroog GmbH &#8211; <a href=\"http:\/\/www.spiekeroog.de\/\" target=\"_blank\" rel=\"noopener noreferrer\">www.spiekeroog.de<\/a><\/i><\/p>\n<\/div><\/div>\n<div class=\"column2\"><div class=\"column_inner\">\n<h3 style=\"text-align: center; color: #490002; margin-bottom: 20px;\">Ein paar besondere Details:<\/h3>\n<p>Als ich sechs war, wollte ich B\u00e4uerin werden (und vor allem Kartoffeln anpflanzen).<\/p>\n<p>Das erste internationale Ereignis, an das ich mich erinnern kann, ist der Mauerfall 1989. Ich ahnte damals nicht, dass ich eines Tages f\u00fcnfzig Kilometer entfernt von der ehemaligen Grenze zur DDR wohnen w\u00fcrde!<\/p>\n<p>Meine Doktorurkunde wurde von Arnold Schwarzenegger unterschrieben, da er Gouverneur von Kalifornien war, als ich dort promoviert wurde.<\/p>\n<p>Mein deutscher Mann behauptet ab und zu, dass ich \u201edeutscher bin als die Deutschen.\u201c<\/p>\n<p>Mein bevorzugtes Urlaubsziel ist Spiekeroog, nicht zuletzt wegen des historischen Charmes des dortigen Dorfes!<\/p>\n<\/div><\/div><\/div>\n<div style=\"margin-top:40px;margin-bottom:40px;background-color: #ccc;height:1px;\" class=\"separator normal\"><\/div>\n<div class=\"call_to_action with_border\" style=\"border-color: #0D0D0D; background: #0D0D0D; margin-bottom: 0px;\">\n<h3 style=\"text-align: center; color: #fff; margin-bottom: 0px;\">Was m\u00f6chten Sie als N\u00e4chstes tun?<\/h3>\n<div class=\"three_columns clearfix\"><div class=\"column1\"><div class=\"column_inner\">\n<div style=\"margin-top: 30px; text-align: center;\"><a href=\"https:\/\/writinghistory.de\/de\/kontakt\/\" target=\"_self\" class=\"button tiny\" style=\"color: #fff; background-color: #5B0000; font-size: 26pxpx; line-height: 26pxpx; font-style: normal; font-weight: 400; \">Mich kontaktieren wegen eines Projektes<\/a><\/div>\n<\/div><\/div>\n<div class=\"column2\"><div class=\"column_inner\">\n<div style=\"margin-top: 30px; text-align: center;\"><a href=\"https:\/\/writinghistory.de\/de\/blog\/\" target=\"_self\" class=\"button tiny\" style=\"color: #fff; background-color: #5B0000; font-size: 26pxpx; line-height: 26pxpx; font-style: normal; font-weight: 400; \">Mein Blog lesen<\/a><\/div>\n<\/div><\/div>\n<div class=\"column3\"><div class=\"column_inner\">\n<div style=\"margin-top: 30px; text-align: center;\"><a href=\"https:\/\/writinghistory.de\/de\/referenzen\/\" target=\"_self\" class=\"button tiny\" style=\"color: #fff; background-color: #5B0000; font-size: 26pxpx; line-height: 26pxpx; font-style: normal; font-weight: 400; \">Meine Referenzen ansehen<\/a><\/div>\n<\/div><\/div><\/div>\n<\/div>\n<p style=\"font-style: italic; text-align: center; margin-top: 50px;\">Header photo: Universit\u00e4tsbibliothek, Berkeley, Kalif., USA<\/p>\n","protected":false},"excerpt":{"rendered":"<p>Mehr \u00fcber die Bilder auf meiner Homepages und was ich mit den Bildern verbinde, erfahren Sie hier. Writing\u00a0\u00a0History: \u00a0Scholarship with \u00a0 Style Was m\u00f6chten Sie als N\u00e4chstes tun? Header photo: Universit\u00e4tsbibliothek, Berkeley, Kalif., USA<\/p>\n","protected":false},"author":1,"featured_media":0,"parent":0,"menu_order":0,"comment_status":"closed","ping_status":"closed","template":"","meta":{"footnotes":""},"class_list":["post-500","page","type-page","status-publish","hentry"],"yoast_head":"<!-- This site is optimized with the Yoast SEO plugin v27.4 - https:\/\/yoast.com\/product\/yoast-seo-wordpress\/ -->\n<title>Zu meiner person - Pers\u00f6nliche Geschichte - Writing History<\/title>\n<meta name=\"description\" content=\"Ausgebildete Historikerin bietet professioneller \u00dcbersetzungsdienst f\u00fcr Akademiker.\" \/>\n<meta name=\"robots\" content=\"index, follow, max-snippet:-1, max-image-preview:large, max-video-preview:-1\" \/>\n<link rel=\"canonical\" href=\"https:\/\/writinghistory.de\/de\/zu-meiner-person\/\" \/>\n<meta property=\"og:locale\" content=\"de_DE\" \/>\n<meta property=\"og:type\" content=\"article\" \/>\n<meta property=\"og:title\" content=\"Zu meiner person - Pers\u00f6nliche Geschichte - Writing History\" \/>\n<meta property=\"og:description\" content=\"Ausgebildete Historikerin bietet professioneller \u00dcbersetzungsdienst f\u00fcr Akademiker.\" \/>\n<meta property=\"og:url\" content=\"https:\/\/writinghistory.de\/de\/zu-meiner-person\/\" \/>\n<meta property=\"og:site_name\" content=\"Writing History\" \/>\n<meta property=\"article:modified_time\" content=\"2024-09-03T08:34:57+00:00\" \/>\n<meta property=\"og:image\" content=\"https:\/\/writinghistory.de\/wp-content\/uploads\/2015\/01\/Depositphotos_24759767_xs.jpg\" \/>\n<meta name=\"twitter:label1\" content=\"Gesch\u00e4tzte Lesezeit\" \/>\n\t<meta name=\"twitter:data1\" content=\"8\u00a0Minuten\" \/>\n<script type=\"application\/ld+json\" class=\"yoast-schema-graph\">{\"@context\":\"https:\\\/\\\/schema.org\",\"@graph\":[{\"@type\":\"WebPage\",\"@id\":\"https:\\\/\\\/writinghistory.de\\\/de\\\/zu-meiner-person\\\/\",\"url\":\"https:\\\/\\\/writinghistory.de\\\/de\\\/zu-meiner-person\\\/\",\"name\":\"Zu meiner person - Pers\u00f6nliche Geschichte - Writing History\",\"isPartOf\":{\"@id\":\"https:\\\/\\\/writinghistory.de\\\/#website\"},\"primaryImageOfPage\":{\"@id\":\"https:\\\/\\\/writinghistory.de\\\/de\\\/zu-meiner-person\\\/#primaryimage\"},\"image\":{\"@id\":\"https:\\\/\\\/writinghistory.de\\\/de\\\/zu-meiner-person\\\/#primaryimage\"},\"thumbnailUrl\":\"https:\\\/\\\/writinghistory.de\\\/wp-content\\\/uploads\\\/2015\\\/01\\\/Depositphotos_24759767_xs.jpg\",\"datePublished\":\"2015-01-12T15:49:15+00:00\",\"dateModified\":\"2024-09-03T08:34:57+00:00\",\"description\":\"Ausgebildete Historikerin bietet professioneller \u00dcbersetzungsdienst f\u00fcr Akademiker.\",\"breadcrumb\":{\"@id\":\"https:\\\/\\\/writinghistory.de\\\/de\\\/zu-meiner-person\\\/#breadcrumb\"},\"inLanguage\":\"de\",\"potentialAction\":[{\"@type\":\"ReadAction\",\"target\":[\"https:\\\/\\\/writinghistory.de\\\/de\\\/zu-meiner-person\\\/\"]}]},{\"@type\":\"ImageObject\",\"inLanguage\":\"de\",\"@id\":\"https:\\\/\\\/writinghistory.de\\\/de\\\/zu-meiner-person\\\/#primaryimage\",\"url\":\"https:\\\/\\\/writinghistory.de\\\/wp-content\\\/uploads\\\/2015\\\/01\\\/Depositphotos_24759767_xs.jpg\",\"contentUrl\":\"https:\\\/\\\/writinghistory.de\\\/wp-content\\\/uploads\\\/2015\\\/01\\\/Depositphotos_24759767_xs.jpg\"},{\"@type\":\"BreadcrumbList\",\"@id\":\"https:\\\/\\\/writinghistory.de\\\/de\\\/zu-meiner-person\\\/#breadcrumb\",\"itemListElement\":[{\"@type\":\"ListItem\",\"position\":1,\"name\":\"Home\",\"item\":\"https:\\\/\\\/writinghistory.de\\\/de\\\/\"},{\"@type\":\"ListItem\",\"position\":2,\"name\":\"Zu meiner person &#8211; Pers\u00f6nliche Geschichte\"}]},{\"@type\":\"WebSite\",\"@id\":\"https:\\\/\\\/writinghistory.de\\\/#website\",\"url\":\"https:\\\/\\\/writinghistory.de\\\/\",\"name\":\"Writing History\",\"description\":\"Scholarship with Style\",\"potentialAction\":[{\"@type\":\"SearchAction\",\"target\":{\"@type\":\"EntryPoint\",\"urlTemplate\":\"https:\\\/\\\/writinghistory.de\\\/?s={search_term_string}\"},\"query-input\":{\"@type\":\"PropertyValueSpecification\",\"valueRequired\":true,\"valueName\":\"search_term_string\"}}],\"inLanguage\":\"de\"}]}<\/script>\n<!-- \/ Yoast SEO plugin. -->","yoast_head_json":{"title":"Zu meiner person - Pers\u00f6nliche Geschichte - Writing History","description":"Ausgebildete Historikerin bietet professioneller \u00dcbersetzungsdienst f\u00fcr Akademiker.","robots":{"index":"index","follow":"follow","max-snippet":"max-snippet:-1","max-image-preview":"max-image-preview:large","max-video-preview":"max-video-preview:-1"},"canonical":"https:\/\/writinghistory.de\/de\/zu-meiner-person\/","og_locale":"de_DE","og_type":"article","og_title":"Zu meiner person - Pers\u00f6nliche Geschichte - Writing History","og_description":"Ausgebildete Historikerin bietet professioneller \u00dcbersetzungsdienst f\u00fcr Akademiker.","og_url":"https:\/\/writinghistory.de\/de\/zu-meiner-person\/","og_site_name":"Writing History","article_modified_time":"2024-09-03T08:34:57+00:00","og_image":[{"url":"https:\/\/writinghistory.de\/wp-content\/uploads\/2015\/01\/Depositphotos_24759767_xs.jpg","type":"","width":"","height":""}],"twitter_misc":{"Gesch\u00e4tzte Lesezeit":"8\u00a0Minuten"},"schema":{"@context":"https:\/\/schema.org","@graph":[{"@type":"WebPage","@id":"https:\/\/writinghistory.de\/de\/zu-meiner-person\/","url":"https:\/\/writinghistory.de\/de\/zu-meiner-person\/","name":"Zu meiner person - Pers\u00f6nliche Geschichte - Writing History","isPartOf":{"@id":"https:\/\/writinghistory.de\/#website"},"primaryImageOfPage":{"@id":"https:\/\/writinghistory.de\/de\/zu-meiner-person\/#primaryimage"},"image":{"@id":"https:\/\/writinghistory.de\/de\/zu-meiner-person\/#primaryimage"},"thumbnailUrl":"https:\/\/writinghistory.de\/wp-content\/uploads\/2015\/01\/Depositphotos_24759767_xs.jpg","datePublished":"2015-01-12T15:49:15+00:00","dateModified":"2024-09-03T08:34:57+00:00","description":"Ausgebildete Historikerin bietet professioneller \u00dcbersetzungsdienst f\u00fcr Akademiker.","breadcrumb":{"@id":"https:\/\/writinghistory.de\/de\/zu-meiner-person\/#breadcrumb"},"inLanguage":"de","potentialAction":[{"@type":"ReadAction","target":["https:\/\/writinghistory.de\/de\/zu-meiner-person\/"]}]},{"@type":"ImageObject","inLanguage":"de","@id":"https:\/\/writinghistory.de\/de\/zu-meiner-person\/#primaryimage","url":"https:\/\/writinghistory.de\/wp-content\/uploads\/2015\/01\/Depositphotos_24759767_xs.jpg","contentUrl":"https:\/\/writinghistory.de\/wp-content\/uploads\/2015\/01\/Depositphotos_24759767_xs.jpg"},{"@type":"BreadcrumbList","@id":"https:\/\/writinghistory.de\/de\/zu-meiner-person\/#breadcrumb","itemListElement":[{"@type":"ListItem","position":1,"name":"Home","item":"https:\/\/writinghistory.de\/de\/"},{"@type":"ListItem","position":2,"name":"Zu meiner person &#8211; Pers\u00f6nliche Geschichte"}]},{"@type":"WebSite","@id":"https:\/\/writinghistory.de\/#website","url":"https:\/\/writinghistory.de\/","name":"Writing History","description":"Scholarship with Style","potentialAction":[{"@type":"SearchAction","target":{"@type":"EntryPoint","urlTemplate":"https:\/\/writinghistory.de\/?s={search_term_string}"},"query-input":{"@type":"PropertyValueSpecification","valueRequired":true,"valueName":"search_term_string"}}],"inLanguage":"de"}]}},"_links":{"self":[{"href":"https:\/\/writinghistory.de\/de\/wp-json\/wp\/v2\/pages\/500","targetHints":{"allow":["GET"]}}],"collection":[{"href":"https:\/\/writinghistory.de\/de\/wp-json\/wp\/v2\/pages"}],"about":[{"href":"https:\/\/writinghistory.de\/de\/wp-json\/wp\/v2\/types\/page"}],"author":[{"embeddable":true,"href":"https:\/\/writinghistory.de\/de\/wp-json\/wp\/v2\/users\/1"}],"replies":[{"embeddable":true,"href":"https:\/\/writinghistory.de\/de\/wp-json\/wp\/v2\/comments?post=500"}],"version-history":[{"count":54,"href":"https:\/\/writinghistory.de\/de\/wp-json\/wp\/v2\/pages\/500\/revisions"}],"predecessor-version":[{"id":1328,"href":"https:\/\/writinghistory.de\/de\/wp-json\/wp\/v2\/pages\/500\/revisions\/1328"}],"wp:attachment":[{"href":"https:\/\/writinghistory.de\/de\/wp-json\/wp\/v2\/media?parent=500"}],"curies":[{"name":"wp","href":"https:\/\/api.w.org\/{rel}","templated":true}]}}