{"id":508,"date":"2015-01-12T16:16:17","date_gmt":"2015-01-12T16:16:17","guid":{"rendered":"https:\/\/writinghistory.de\/?page_id=508"},"modified":"2015-10-07T19:42:50","modified_gmt":"2015-10-07T19:42:50","slug":"dienstleistungen","status":"publish","type":"page","link":"https:\/\/writinghistory.de\/de\/dienstleistungen\/","title":{"rendered":"Dienstleistungen"},"content":{"rendered":"<div class=\"two_columns_66_33 clearfix\"><div class=\"column1\"><div class=\"column_inner\">\n<h3 class=\"anchor\" id=\"ubersetzung\" style=\"text-align: center; color: #490002; margin-bottom: 20px;\">\u00dcbersetzung von wissenschaftlichen Texten aus dem Deutschen ins Englische:<\/h3>\n<p>Das \u00dcbersetzen von wissenschaftlichen Texten bringt Herausforderungen mit sich, die eine gezielte Ausbildung und relevante Erfahrungen erfordern.<\/p>\n<p>Wenn Sie mir Ihren Text anvertrauen, k\u00f6nnen Sie sicher sein, dass er in professionellen H\u00e4nden ist. Dass ich die entscheidenen F\u00e4higkeiten besitze, wird daran deutlich, dass meine \u00dcbersetzungen mehrfach als <a href=\"https:\/\/writinghistory.de\/de\/referenzen\">gr\u00fcndlich und durchdacht<\/a>  gelobt worden sind.<\/p>\n<p>Die \u00dcbersetzung eines wissenschaftlichen Textes erfordert eine enge Zusammenarbeit zwischen Autor und \u00dcbersetzer. Erst dadurch bekomme ich die Informationen, die f\u00fcr eine qualitativ hochwertige \u00dcbersetzung n\u00f6tig sind\u2014Informationen \u00fcber Ihre Zielgruppe, Ihre Pr\u00e4ferenzen f\u00fcr bestimmte Begriffe und andere im Laufe des Prozesses aufkommende Aspekte. Die dazu notwendigen Gespr\u00e4che finden i.d.R. vor und w\u00e4hrend des \u00dcbersetzens statt, sp\u00e4testens aber nach dem ersten Entwurf.<\/p>\n<p>Als ausgebildete Wissenschaftlerin kenne ich den f\u00fcr wissenschaftliche Texte angemessenen Ton; gleichzeitig lege ich Wert darauf, dass meine Texte gut lesbar und stilitisch einladend bleiben. <a href=\"https:\/\/writinghistory.de\/de\/referenzen\">Meine Kunden loben tats\u00e4chlich oft die durch meine \u00dcbersetzung entstehenden Verbesserungen ihrer Texte !<\/a><\/p>\n<p>Um ein m\u00f6glichst breites Publikum mit Ihrem Text anzusprechen oder den bestm\u00f6glichen Eindruck bei Ihrer n\u00e4chsten englischsprachigen Tagung zu hinterlassen, <a href=\"https:\/\/writinghistory.de\/de\/kontakt\">nehmen Sie Kontakt mit mir auf<\/a> !<br \/>\n<\/div><\/div>\n<div class=\"column2\"><div class=\"column_inner\"><img decoding=\"async\" style=\"margin-top:9px\" src=\"https:\/\/writinghistory.de\/wp-content\/uploads\/2015\/01\/Depositphotos_12115926_s.jpg\" \/><\/p>\n<p style=\"font-style:italic;text-align:center\">Nasridenpal\u00e4ste in der Alhambra, Granada, Spanien<\/p>\n<\/div><\/div><\/div>\n<div style=\"margin-top:40px;margin-bottom:40px;background-color: #ccc;height:1px;\" class=\"separator normal\"><\/div>\n<div class=\"two_columns_33_66 clearfix\"><div class=\"column1\"><div class=\"column_inner\">\n<img decoding=\"async\" style=\"margin-top:9px\" src=\"https:\/\/writinghistory.de\/wp-content\/uploads\/2015\/01\/Depositphotos_5175497_s.jpg\" \/><\/p>\n<p style=\"font-style:italic;text-align:center\">Landgrafenschloss, Marburg, Deutschland<\/p>\n<\/div><\/div>\n<div class=\"column2\"><div class=\"column_inner\">\n<h3 class=\"anchor\" id=\"lektorat\" style=\"text-align: center; color: #490002; margin-bottom: 15px;\">Lektorat:<\/h3>\n<p>F\u00fcr diejenigen, die Englisch selbst gut beherrschen und ihre eigenen englischsprachigen Vortr\u00e4ge oder Aufs\u00e4tze schreiben m\u00f6chten, kann ein Muttersprachler mit gutem Sprachgef\u00fchl einem Text den letzten Schliff verleihen. Das Ergebnis ist ein pr\u00e4gnanter, flie\u00dfender Text, der absolut idiomatisch und nat\u00fcrlich wirkt.  Wollen Sie, dass Ihr Text diesen letzten Schliff bekommt und dass jedes Detail der Rechtschreibung und Ausdruckweise stimmig ist? Dann <a href=\"https:\/\/writinghistory.de\/de\/kontakt\/\">nehmen Sie einfach Kontakt mit mir auf<\/a>.<\/p>\n<div style=\"margin-top:20px;margin-bottom:20px;background-color: #ccc;height:1px;\" class=\"separator normal\"><\/div>\n<h3 class=\"anchor\" id=\"korrektur\" style=\"text-align: center; color: #490002; margin-bottom: 15px;\">Korrektur:<\/h3>\n<p>Ich habe Adleraugen, wenn es um Grammatik- und Rechtschreibfehler geht. Falls Sie jemanden ben\u00f6tigen, der Ihren Aufsatz oder Vortrag Korrektur liest, <a href=\"https:\/\/writinghistory.de\/de\/kontakt\/\">nehmen Sie Kontakt mit mir auf<\/A>.<\/p>\n<div style=\"margin-top:20px;margin-bottom:20px;background-color: #ccc;height:1px;\" class=\"separator normal\"><\/div>\n<h3 class=\"anchor\" id=\"copywriting\" style=\"text-align: center; color: #490002; margin-bottom: 15px;\">Copywriting und \u00dcbersetzungen f\u00fcr Museen und kulturelle Sehensw\u00fcrdigkeiten:<\/h3>\n<p>Jedes Jahr kommen Millionen englischsprachiger Urlauber nach Europa. Viele kommen gerade wegen des kulturellen Erbes\u2014wegen Schl\u00f6ssern, Kirchen und anderer historischer Sehensw\u00fcrdigkeiten. Ansprechende Werbematerialien k\u00f6nnen diese Touristen f\u00fcr einen Museumsbesuch oder eine Stadtf\u00fchrung gewinnen.  Ansprechende Texte innerhalb der Ausstellungen f\u00fchren dazu, dass sie den Besuch positiv erleben, und das ist das beste Marketing \u00fcberhaupt! Gerne \u00fcberlege ich mit Ihnen, wie die Informationstexte Ihrer Einrichtung f\u00fcr englischsprachige Besucher ansprechender formuliert werden k\u00f6nnen. Wenn Sie daran Interesse haben, <a href=\"https:\/\/writinghistory.de\/de\/kontakt\/\">kontaktieren Sie mich<\/a>.<\/p>\n<\/div><\/div><\/div>\n<div style=\"margin-top:40px;margin-bottom:40px;background-color: #ccc;height:1px;\" class=\"separator normal\"><\/div>\n<div class=\"call_to_action with_border\" style=\"border-color: #0D0D0D;background:#0D0D0D;margin-bottom:0px\">\n<h3 style=\"text-align: center; color: #fff; margin-bottom: 0px;\">Was m\u00f6chten Sie als N\u00e4chstes tun? <\/h3>\n<div class=\"three_columns clearfix\"><div class=\"column1\"><div class=\"column_inner\">\n<div style=\"margin-top: 30px; text-align: center;\"><a href=\"https:\/\/writinghistory.de\/de\/kontakt\/\" target=\"_self\" class=\"button tiny\" style=\"color: #fff; background-color: #5B0000; font-size: 26pxpx; line-height: 26pxpx; font-style: normal; font-weight: 400; \">Mich kontaktieren wegen eines Projektes<\/a><\/div>\n<\/div><\/div>\n<div class=\"column2\"><div class=\"column_inner\">\n<div style=\"margin-top: 30px; text-align: center;\"><a href=\"https:\/\/writinghistory.de\/de\/portfolio\" target=\"_self\" class=\"button tiny\" style=\"color: #fff; background-color: #5B0000; font-size: 26pxpx; line-height: 26pxpx; font-style: normal; font-weight: 400; \">Mein Portfolio anschauen<\/a><\/div>\n<\/div><\/div>\n<div class=\"column3\"><div class=\"column_inner\">\n<div style=\"margin-top: 30px; text-align: center;\"><a href=\"https:\/\/writinghistory.de\/de\/blog\/\" target=\"_self\" class=\"button tiny\" style=\"color: #fff; background-color: #5B0000; font-size: 26pxpx; line-height: 26pxpx; font-style: normal; font-weight: 400; \">Mein Blog lesen<\/a><\/div>\n<\/div><\/div><\/div><\/div>\n<p style=\"font-style:italic;text-align:center;margin-top: 50px;\">Header photo: Wartburg, Eisenach, Deutschland<\/p>\n","protected":false},"excerpt":{"rendered":"<p>Was m\u00f6chten Sie als N\u00e4chstes tun? Header photo: Wartburg, Eisenach, Deutschland<\/p>\n","protected":false},"author":1,"featured_media":0,"parent":0,"menu_order":0,"comment_status":"closed","ping_status":"closed","template":"","meta":{"footnotes":""},"class_list":["post-508","page","type-page","status-publish","hentry"],"yoast_head":"<!-- This site is optimized with the Yoast SEO plugin v27.4 - https:\/\/yoast.com\/product\/yoast-seo-wordpress\/ -->\n<title>Dienstleistungen - Writing History<\/title>\n<meta name=\"description\" content=\"\u00dcbersetzen von wissenschaftlichen Texten, Lektorat, Copywriting.\" \/>\n<meta name=\"robots\" content=\"index, follow, max-snippet:-1, max-image-preview:large, max-video-preview:-1\" \/>\n<link rel=\"canonical\" href=\"https:\/\/writinghistory.de\/de\/dienstleistungen\/\" \/>\n<meta property=\"og:locale\" content=\"de_DE\" \/>\n<meta property=\"og:type\" content=\"article\" \/>\n<meta property=\"og:title\" content=\"Dienstleistungen - Writing History\" \/>\n<meta property=\"og:description\" content=\"\u00dcbersetzen von wissenschaftlichen Texten, Lektorat, Copywriting.\" \/>\n<meta property=\"og:url\" content=\"https:\/\/writinghistory.de\/de\/dienstleistungen\/\" \/>\n<meta property=\"og:site_name\" content=\"Writing History\" \/>\n<meta property=\"article:modified_time\" content=\"2015-10-07T19:42:50+00:00\" \/>\n<meta property=\"og:image\" content=\"https:\/\/writinghistory.de\/wp-content\/uploads\/2015\/01\/Depositphotos_12115926_s.jpg\" \/>\n<meta name=\"twitter:label1\" content=\"Gesch\u00e4tzte Lesezeit\" \/>\n\t<meta name=\"twitter:data1\" content=\"3\u00a0Minuten\" \/>\n<script type=\"application\/ld+json\" class=\"yoast-schema-graph\">{\"@context\":\"https:\\\/\\\/schema.org\",\"@graph\":[{\"@type\":\"WebPage\",\"@id\":\"https:\\\/\\\/writinghistory.de\\\/de\\\/dienstleistungen\\\/\",\"url\":\"https:\\\/\\\/writinghistory.de\\\/de\\\/dienstleistungen\\\/\",\"name\":\"Dienstleistungen - Writing History\",\"isPartOf\":{\"@id\":\"https:\\\/\\\/writinghistory.de\\\/#website\"},\"primaryImageOfPage\":{\"@id\":\"https:\\\/\\\/writinghistory.de\\\/de\\\/dienstleistungen\\\/#primaryimage\"},\"image\":{\"@id\":\"https:\\\/\\\/writinghistory.de\\\/de\\\/dienstleistungen\\\/#primaryimage\"},\"thumbnailUrl\":\"https:\\\/\\\/writinghistory.de\\\/wp-content\\\/uploads\\\/2015\\\/01\\\/Depositphotos_12115926_s.jpg\",\"datePublished\":\"2015-01-12T16:16:17+00:00\",\"dateModified\":\"2015-10-07T19:42:50+00:00\",\"description\":\"\u00dcbersetzen von wissenschaftlichen Texten, Lektorat, Copywriting.\",\"breadcrumb\":{\"@id\":\"https:\\\/\\\/writinghistory.de\\\/de\\\/dienstleistungen\\\/#breadcrumb\"},\"inLanguage\":\"de\",\"potentialAction\":[{\"@type\":\"ReadAction\",\"target\":[\"https:\\\/\\\/writinghistory.de\\\/de\\\/dienstleistungen\\\/\"]}]},{\"@type\":\"ImageObject\",\"inLanguage\":\"de\",\"@id\":\"https:\\\/\\\/writinghistory.de\\\/de\\\/dienstleistungen\\\/#primaryimage\",\"url\":\"https:\\\/\\\/writinghistory.de\\\/wp-content\\\/uploads\\\/2015\\\/01\\\/Depositphotos_12115926_s.jpg\",\"contentUrl\":\"https:\\\/\\\/writinghistory.de\\\/wp-content\\\/uploads\\\/2015\\\/01\\\/Depositphotos_12115926_s.jpg\"},{\"@type\":\"BreadcrumbList\",\"@id\":\"https:\\\/\\\/writinghistory.de\\\/de\\\/dienstleistungen\\\/#breadcrumb\",\"itemListElement\":[{\"@type\":\"ListItem\",\"position\":1,\"name\":\"Home\",\"item\":\"https:\\\/\\\/writinghistory.de\\\/de\\\/\"},{\"@type\":\"ListItem\",\"position\":2,\"name\":\"Dienstleistungen\"}]},{\"@type\":\"WebSite\",\"@id\":\"https:\\\/\\\/writinghistory.de\\\/#website\",\"url\":\"https:\\\/\\\/writinghistory.de\\\/\",\"name\":\"Writing History\",\"description\":\"Scholarship with Style\",\"potentialAction\":[{\"@type\":\"SearchAction\",\"target\":{\"@type\":\"EntryPoint\",\"urlTemplate\":\"https:\\\/\\\/writinghistory.de\\\/?s={search_term_string}\"},\"query-input\":{\"@type\":\"PropertyValueSpecification\",\"valueRequired\":true,\"valueName\":\"search_term_string\"}}],\"inLanguage\":\"de\"}]}<\/script>\n<!-- \/ Yoast SEO plugin. -->","yoast_head_json":{"title":"Dienstleistungen - Writing History","description":"\u00dcbersetzen von wissenschaftlichen Texten, Lektorat, Copywriting.","robots":{"index":"index","follow":"follow","max-snippet":"max-snippet:-1","max-image-preview":"max-image-preview:large","max-video-preview":"max-video-preview:-1"},"canonical":"https:\/\/writinghistory.de\/de\/dienstleistungen\/","og_locale":"de_DE","og_type":"article","og_title":"Dienstleistungen - Writing History","og_description":"\u00dcbersetzen von wissenschaftlichen Texten, Lektorat, Copywriting.","og_url":"https:\/\/writinghistory.de\/de\/dienstleistungen\/","og_site_name":"Writing History","article_modified_time":"2015-10-07T19:42:50+00:00","og_image":[{"url":"https:\/\/writinghistory.de\/wp-content\/uploads\/2015\/01\/Depositphotos_12115926_s.jpg","type":"","width":"","height":""}],"twitter_misc":{"Gesch\u00e4tzte Lesezeit":"3\u00a0Minuten"},"schema":{"@context":"https:\/\/schema.org","@graph":[{"@type":"WebPage","@id":"https:\/\/writinghistory.de\/de\/dienstleistungen\/","url":"https:\/\/writinghistory.de\/de\/dienstleistungen\/","name":"Dienstleistungen - Writing History","isPartOf":{"@id":"https:\/\/writinghistory.de\/#website"},"primaryImageOfPage":{"@id":"https:\/\/writinghistory.de\/de\/dienstleistungen\/#primaryimage"},"image":{"@id":"https:\/\/writinghistory.de\/de\/dienstleistungen\/#primaryimage"},"thumbnailUrl":"https:\/\/writinghistory.de\/wp-content\/uploads\/2015\/01\/Depositphotos_12115926_s.jpg","datePublished":"2015-01-12T16:16:17+00:00","dateModified":"2015-10-07T19:42:50+00:00","description":"\u00dcbersetzen von wissenschaftlichen Texten, Lektorat, Copywriting.","breadcrumb":{"@id":"https:\/\/writinghistory.de\/de\/dienstleistungen\/#breadcrumb"},"inLanguage":"de","potentialAction":[{"@type":"ReadAction","target":["https:\/\/writinghistory.de\/de\/dienstleistungen\/"]}]},{"@type":"ImageObject","inLanguage":"de","@id":"https:\/\/writinghistory.de\/de\/dienstleistungen\/#primaryimage","url":"https:\/\/writinghistory.de\/wp-content\/uploads\/2015\/01\/Depositphotos_12115926_s.jpg","contentUrl":"https:\/\/writinghistory.de\/wp-content\/uploads\/2015\/01\/Depositphotos_12115926_s.jpg"},{"@type":"BreadcrumbList","@id":"https:\/\/writinghistory.de\/de\/dienstleistungen\/#breadcrumb","itemListElement":[{"@type":"ListItem","position":1,"name":"Home","item":"https:\/\/writinghistory.de\/de\/"},{"@type":"ListItem","position":2,"name":"Dienstleistungen"}]},{"@type":"WebSite","@id":"https:\/\/writinghistory.de\/#website","url":"https:\/\/writinghistory.de\/","name":"Writing History","description":"Scholarship with Style","potentialAction":[{"@type":"SearchAction","target":{"@type":"EntryPoint","urlTemplate":"https:\/\/writinghistory.de\/?s={search_term_string}"},"query-input":{"@type":"PropertyValueSpecification","valueRequired":true,"valueName":"search_term_string"}}],"inLanguage":"de"}]}},"_links":{"self":[{"href":"https:\/\/writinghistory.de\/de\/wp-json\/wp\/v2\/pages\/508","targetHints":{"allow":["GET"]}}],"collection":[{"href":"https:\/\/writinghistory.de\/de\/wp-json\/wp\/v2\/pages"}],"about":[{"href":"https:\/\/writinghistory.de\/de\/wp-json\/wp\/v2\/types\/page"}],"author":[{"embeddable":true,"href":"https:\/\/writinghistory.de\/de\/wp-json\/wp\/v2\/users\/1"}],"replies":[{"embeddable":true,"href":"https:\/\/writinghistory.de\/de\/wp-json\/wp\/v2\/comments?post=508"}],"version-history":[{"count":19,"href":"https:\/\/writinghistory.de\/de\/wp-json\/wp\/v2\/pages\/508\/revisions"}],"predecessor-version":[{"id":862,"href":"https:\/\/writinghistory.de\/de\/wp-json\/wp\/v2\/pages\/508\/revisions\/862"}],"wp:attachment":[{"href":"https:\/\/writinghistory.de\/de\/wp-json\/wp\/v2\/media?parent=508"}],"curies":[{"name":"wp","href":"https:\/\/api.w.org\/{rel}","templated":true}]}}