{"id":521,"date":"2015-01-12T16:57:40","date_gmt":"2015-01-12T16:57:40","guid":{"rendered":"https:\/\/writinghistory.de\/?page_id=521"},"modified":"2019-02-11T10:20:19","modified_gmt":"2019-02-11T10:20:19","slug":"referenzen","status":"publish","type":"page","link":"https:\/\/writinghistory.de\/de\/referenzen\/","title":{"rendered":"Referenzen"},"content":{"rendered":"<div class=\"two_columns_66_33 clearfix\"><div class=\"column1\"><div class=\"column_inner\">\n<h3 style=\"text-align: center; color: #490002; margin-bottom: 40px;\">So berichten andere \u00fcber meine Arbeit:<\/h3>\n<div class='testimonial' style='background-color: #fff;'><div class='testimonial_inner no_image'><div class='text'><span class='name' style='color: #68000B;'>Prof. Dr. Wolf-Friedrich Sch\u00e4ufele, Fachbereich Evangelische Theologie, Philipps-Universit\u00e4t Marburg<\/span><p>\n<blockquote style=width:95%;>Vielen Dank f\u00fcr die \u00fcberaus sorgf\u00e4ltige und kluge Lektorierung meines\u00a0Aufsatzes! Ich bin von der Pr\u00e4zision Ihrer Arbeit sehr beeindruckt und\u00a0habe alle Ihre \u00c4nderungen gerne \u00fcbernommen.<\/blockquote><\/p><\/div><\/div><\/div>\n<div class='testimonial' style='background-color: #fff;'><div class='testimonial_inner no_image'><div class='text'><span class='name' style='color: #68000B;'>Dr. Martin Bauch, Leibniz Institut f\u00fcr Geschichte und Kultur des \u00f6stlichen Europa<\/span><p>\n<blockquote style=width:95%;>Alles gut angekommen und ich bin hoch zufrieden&#8230;Tolle, pr\u00e4zise, sehr schnelle und durchaus humorvolle Arbeit&#8230;Mit den von Ihnen korrigierten Texten und Folien habe ich eine bella figura gemacht.<\/blockquote><\/p><\/div><\/div><\/div>\n<div class='testimonial' style='background-color: #fff;'><div class='testimonial_inner no_image'><div class='text'><span class='name' style='color: #68000B;'>Prof. Dr. Wolfgang Breul, Fachbereich Evangelische Theologie, Universit\u00e4t Mainz<\/span><p>\n<blockquote style=width:95%;>Dr. Ellen Yutzy Glebe hat wiederholt f\u00fcr mich wissenschaftliche Beitr\u00e4ge, Vortr\u00e4ge und Aufs\u00e4tze \u00fcbersetzt. Sie hat dabei gro\u00dfe Sorgfalt walten lassen. Zudem hat sie die hohe Bedeutung einer genauen Abstimmung von Fachbegriffen und komplexen Sachverhalten erkannt und bei ihrer Arbeit erfolgreich umgesetzt. Die \u00dcbersetzungen wurden \u2013 auch wenn sie gelegentlich recht kurzfristig n\u00f6tig waren \u2013 stets termingerecht erledigt. Ich bin mit ihrer Arbeit sehr zufrieden und werde sie jederzeit gerne wieder in Anspruch nehmen.<\/blockquote><\/p><\/div><\/div><\/div>\n<\/div><\/div>\n<div class=\"column2\"><div class=\"column_inner\">\n<p><img decoding=\"async\" style=\"margin-top: 9px;\" src=\"https:\/\/writinghistory.de\/wp-content\/uploads\/2015\/01\/Depositphotos_2656665_s.jpg\" \/><\/p>\n<p style=\"font-style: italic; text-align: center;\">Wendeltreppe in den Vatikanischen Museen, Rom, Italien<\/p>\n<\/div><\/div><\/div>\n<div class='testimonial' style='background-color: #fff;'><div class='testimonial_inner no_image'><div class='text'><span class='name' style='color: #68000B;'>Dr. Patricia Hertel, Fachbereich Geschichte, Universit\u00e4t Basel<\/span><p>\n<blockquote style=width:95%;>Die Zusammenarbeit mit Ellen ist eine Freude. Als Historikerin durchdenkt sie die Themen, und als \u00dcbersetzerin erfasst sie die sprachlichen Feinheiten des Ausgangstextes und verfasst wissenschaftliche Texte von stilistisch sehr hoher Qualit\u00e4t. Sie ist sehr zuverl\u00e4ssig, pr\u00e4zise und in ihrer Arbeit sehr engagiert.<\/blockquote><\/p><\/div><\/div><\/div>\n<div class='testimonial' style='background-color: #fff;'><div class='testimonial_inner no_image'><div class='text'><span class='name' style='color: #68000B;'>Ausz\u00fcge aus dem Emailaustauch mit einem habilitierten Germanisten \u00fcber die \u00dcbersetzung einiger Bewerbungsunterlagen <\/span><p>\n<blockquote style=width:95%;>Ich bin sehr beeindruckt von Ihrer Gr\u00fcndlichkeit und Ihrem Stilbewusstein\u2014das liest sich auf Englisch besser als auf Deutsch! . . . Noch einmal ganz herzlichen Dank f\u00fcr Ihre engagierte und wohlinformierte Arbeit\u2014it was a real pleasure to work with you! <\/blockquote><\/p><\/div><\/div><\/div>\n<div class='testimonial' style='background-color: #fff;'><div class='testimonial_inner no_image'><div class='text'><span class='name' style='color: #68000B;'>Rodrigo Begali, S\u00e3o Paulo, Brasilen <\/span><p>\n<blockquote style=width:95%;>Als ich Ellen erst kontaktierte, war ich \u00fcberrascht jemanden kennenzulernen, der in der Tat jahrhundertealte Manuskripte lesen k\u00f6nnte. Als sie den ersten Autrag lieferte, war ich aber noch mehr von ihrer Gr\u00fcndlichkeit beeindruckt und von ihren unabh\u00e4ngigen Recherchen zu dem Text. Heute, wende ich mich immer an sie wenn ich einen wichtigen Text habe. Sie ist mein Orakel!<\/blockquote><\/p><\/div><\/div><\/div>\n<div class='testimonial' style='background-color: #fff;'><div class='testimonial_inner no_image'><div class='text'><span class='name' style='color: #68000B;'>Dr. Kelly McCullough, Deutsches Historisches Institut, Washington, D.C., USA <\/span><p>\n<blockquote style=width:95%;>Dr. Glebe hat eine eine hervorragende \u00dcbersetzung von mehreren schwierigen Texte aus dem 16. Jahrhundert angefertigt. Sie lieferte die Texte p\u00fcnktlich und sie waren ausgezeichnet. Sie konnten ohne weitere \u00c4nderungen ver\u00f6ffentlicht werden. Ich habe ihr schon einen zweiten Auftrag erteilt.<\/blockquote><\/p><\/div><\/div><\/div>\n<div class='testimonial' style='background-color: #fff;'><div class='testimonial_inner no_image'><div class='text'><span class='name' style='color: #68000B;'>Prof. Dr. Timothy Kircher, Fachbereich Geschichte, Guilford College, Greensboro, N.C., USA <\/span><p>\n<blockquote style=width:95%;>Ellen Yutzy Glebe beherrscht die Ausdrucksweise der deutschen und amerikanischen Sprache. Ihre Texte und \u00dcbersetzungen zeichnen sich durch ein Gef\u00fchl f\u00fcr einzelne Details, f\u00fcr die Nuancen und f\u00fcr die Rhetorik aus. Ich kenne Ellens Arbeit seit \u00fcber zehn Jahren, besonders in den Bereichen Mittelalter und fr\u00fche Neuzeit, und sie erzielt hervorragende Ergebnisse. Sie sch\u00f6pft die kreativen M\u00f6glichkeiten und das Ausdrucksverm\u00f6gen dieser Sprachen in \u00fcberragender Weise aus.<\/blockquote><\/p><\/div><\/div><\/div>\n<div style=\"margin-top:20px;margin-bottom:40px;background-color: #ccc;height:1px;\" class=\"separator normal\"><\/div>\n<div class=\"call_to_action with_border\" style=\"border-color: #0D0D0D; background: #0D0D0D; margin-bottom: 0px;\">\n<h3 style=\"text-align: center; color: #fff; margin-bottom: 0px;\">Was m\u00f6chten Sie als N\u00e4chstes tun?<\/h3>\n<div class=\"three_columns clearfix\"><div class=\"column1\"><div class=\"column_inner\">\n<div style=\"margin-top: 30px; text-align: center;\"><a href=\"https:\/\/writinghistory.de\/de\/kontakt\/\" target=\"_self\" class=\"button tiny\" style=\"color: #fff; background-color: #5B0000; font-size: 26pxpx; line-height: 26pxpx; font-style: normal; font-weight: 400; \">Mich kontaktieren wegen eines Projektes<\/a><\/div>\n<\/div><\/div>\n<div class=\"column2\"><div class=\"column_inner\">\n<div style=\"margin-top: 30px; text-align: center;\"><a href=\"https:\/\/writinghistory.de\/de\/portfolio\" target=\"_self\" class=\"button tiny\" style=\"color: #fff; background-color: #5B0000; font-size: 26pxpx; line-height: 26pxpx; font-style: normal; font-weight: 400; \">Mein Portfolio anschauen<\/a><\/div>\n<\/div><\/div>\n<div class=\"column3\"><div class=\"column_inner\">\n<div style=\"margin-top: 30px; text-align: center;\"><a href=\"https:\/\/writinghistory.de\/de\/blog\/\" target=\"_self\" class=\"button tiny\" style=\"color: #fff; background-color: #5B0000; font-size: 26pxpx; line-height: 26pxpx; font-style: normal; font-weight: 400; \">Mein Blog lesen<\/a><\/div>\n<\/div><\/div><\/div>\n<\/div>\n<p style=\"font-style: italic; text-align: center; margin-top: 50px;\">Header photo: Fries an der Fassade der Glyptothek, M\u00fcnchen, Deutschland<\/p>\n","protected":false},"excerpt":{"rendered":"<p>Was m\u00f6chten Sie als N\u00e4chstes tun? Header photo: Fries an der Fassade der Glyptothek, M\u00fcnchen, Deutschland<\/p>\n","protected":false},"author":1,"featured_media":0,"parent":0,"menu_order":0,"comment_status":"closed","ping_status":"closed","template":"","meta":{"footnotes":""},"class_list":["post-521","page","type-page","status-publish","hentry"],"yoast_head":"<!-- This site is optimized with the Yoast SEO plugin v27.4 - https:\/\/yoast.com\/product\/yoast-seo-wordpress\/ -->\n<title>Referenzen - Writing History<\/title>\n<meta name=\"robots\" content=\"index, follow, max-snippet:-1, max-image-preview:large, max-video-preview:-1\" \/>\n<link rel=\"canonical\" href=\"https:\/\/writinghistory.de\/de\/referenzen\/\" \/>\n<meta property=\"og:locale\" content=\"de_DE\" \/>\n<meta property=\"og:type\" content=\"article\" \/>\n<meta property=\"og:title\" content=\"Referenzen - Writing History\" \/>\n<meta property=\"og:description\" content=\"Was m\u00f6chten Sie als N\u00e4chstes tun? Header photo: Fries an der Fassade der Glyptothek, M\u00fcnchen, Deutschland\" \/>\n<meta property=\"og:url\" content=\"https:\/\/writinghistory.de\/de\/referenzen\/\" \/>\n<meta property=\"og:site_name\" content=\"Writing History\" \/>\n<meta property=\"article:modified_time\" content=\"2019-02-11T10:20:19+00:00\" \/>\n<meta property=\"og:image\" content=\"https:\/\/writinghistory.de\/wp-content\/uploads\/2015\/01\/Depositphotos_2656665_s.jpg\" \/>\n<meta name=\"twitter:label1\" content=\"Gesch\u00e4tzte Lesezeit\" \/>\n\t<meta name=\"twitter:data1\" content=\"4\u00a0Minuten\" \/>\n<script type=\"application\/ld+json\" class=\"yoast-schema-graph\">{\"@context\":\"https:\\\/\\\/schema.org\",\"@graph\":[{\"@type\":\"WebPage\",\"@id\":\"https:\\\/\\\/writinghistory.de\\\/de\\\/referenzen\\\/\",\"url\":\"https:\\\/\\\/writinghistory.de\\\/de\\\/referenzen\\\/\",\"name\":\"Referenzen - Writing History\",\"isPartOf\":{\"@id\":\"https:\\\/\\\/writinghistory.de\\\/#website\"},\"primaryImageOfPage\":{\"@id\":\"https:\\\/\\\/writinghistory.de\\\/de\\\/referenzen\\\/#primaryimage\"},\"image\":{\"@id\":\"https:\\\/\\\/writinghistory.de\\\/de\\\/referenzen\\\/#primaryimage\"},\"thumbnailUrl\":\"https:\\\/\\\/writinghistory.de\\\/wp-content\\\/uploads\\\/2015\\\/01\\\/Depositphotos_2656665_s.jpg\",\"datePublished\":\"2015-01-12T16:57:40+00:00\",\"dateModified\":\"2019-02-11T10:20:19+00:00\",\"breadcrumb\":{\"@id\":\"https:\\\/\\\/writinghistory.de\\\/de\\\/referenzen\\\/#breadcrumb\"},\"inLanguage\":\"de\",\"potentialAction\":[{\"@type\":\"ReadAction\",\"target\":[\"https:\\\/\\\/writinghistory.de\\\/de\\\/referenzen\\\/\"]}]},{\"@type\":\"ImageObject\",\"inLanguage\":\"de\",\"@id\":\"https:\\\/\\\/writinghistory.de\\\/de\\\/referenzen\\\/#primaryimage\",\"url\":\"https:\\\/\\\/writinghistory.de\\\/wp-content\\\/uploads\\\/2015\\\/01\\\/Depositphotos_2656665_s.jpg\",\"contentUrl\":\"https:\\\/\\\/writinghistory.de\\\/wp-content\\\/uploads\\\/2015\\\/01\\\/Depositphotos_2656665_s.jpg\"},{\"@type\":\"BreadcrumbList\",\"@id\":\"https:\\\/\\\/writinghistory.de\\\/de\\\/referenzen\\\/#breadcrumb\",\"itemListElement\":[{\"@type\":\"ListItem\",\"position\":1,\"name\":\"Home\",\"item\":\"https:\\\/\\\/writinghistory.de\\\/de\\\/\"},{\"@type\":\"ListItem\",\"position\":2,\"name\":\"Referenzen\"}]},{\"@type\":\"WebSite\",\"@id\":\"https:\\\/\\\/writinghistory.de\\\/#website\",\"url\":\"https:\\\/\\\/writinghistory.de\\\/\",\"name\":\"Writing History\",\"description\":\"Scholarship with Style\",\"potentialAction\":[{\"@type\":\"SearchAction\",\"target\":{\"@type\":\"EntryPoint\",\"urlTemplate\":\"https:\\\/\\\/writinghistory.de\\\/?s={search_term_string}\"},\"query-input\":{\"@type\":\"PropertyValueSpecification\",\"valueRequired\":true,\"valueName\":\"search_term_string\"}}],\"inLanguage\":\"de\"}]}<\/script>\n<!-- \/ Yoast SEO plugin. -->","yoast_head_json":{"title":"Referenzen - Writing History","robots":{"index":"index","follow":"follow","max-snippet":"max-snippet:-1","max-image-preview":"max-image-preview:large","max-video-preview":"max-video-preview:-1"},"canonical":"https:\/\/writinghistory.de\/de\/referenzen\/","og_locale":"de_DE","og_type":"article","og_title":"Referenzen - Writing History","og_description":"Was m\u00f6chten Sie als N\u00e4chstes tun? Header photo: Fries an der Fassade der Glyptothek, M\u00fcnchen, Deutschland","og_url":"https:\/\/writinghistory.de\/de\/referenzen\/","og_site_name":"Writing History","article_modified_time":"2019-02-11T10:20:19+00:00","og_image":[{"url":"https:\/\/writinghistory.de\/wp-content\/uploads\/2015\/01\/Depositphotos_2656665_s.jpg","type":"","width":"","height":""}],"twitter_misc":{"Gesch\u00e4tzte Lesezeit":"4\u00a0Minuten"},"schema":{"@context":"https:\/\/schema.org","@graph":[{"@type":"WebPage","@id":"https:\/\/writinghistory.de\/de\/referenzen\/","url":"https:\/\/writinghistory.de\/de\/referenzen\/","name":"Referenzen - Writing History","isPartOf":{"@id":"https:\/\/writinghistory.de\/#website"},"primaryImageOfPage":{"@id":"https:\/\/writinghistory.de\/de\/referenzen\/#primaryimage"},"image":{"@id":"https:\/\/writinghistory.de\/de\/referenzen\/#primaryimage"},"thumbnailUrl":"https:\/\/writinghistory.de\/wp-content\/uploads\/2015\/01\/Depositphotos_2656665_s.jpg","datePublished":"2015-01-12T16:57:40+00:00","dateModified":"2019-02-11T10:20:19+00:00","breadcrumb":{"@id":"https:\/\/writinghistory.de\/de\/referenzen\/#breadcrumb"},"inLanguage":"de","potentialAction":[{"@type":"ReadAction","target":["https:\/\/writinghistory.de\/de\/referenzen\/"]}]},{"@type":"ImageObject","inLanguage":"de","@id":"https:\/\/writinghistory.de\/de\/referenzen\/#primaryimage","url":"https:\/\/writinghistory.de\/wp-content\/uploads\/2015\/01\/Depositphotos_2656665_s.jpg","contentUrl":"https:\/\/writinghistory.de\/wp-content\/uploads\/2015\/01\/Depositphotos_2656665_s.jpg"},{"@type":"BreadcrumbList","@id":"https:\/\/writinghistory.de\/de\/referenzen\/#breadcrumb","itemListElement":[{"@type":"ListItem","position":1,"name":"Home","item":"https:\/\/writinghistory.de\/de\/"},{"@type":"ListItem","position":2,"name":"Referenzen"}]},{"@type":"WebSite","@id":"https:\/\/writinghistory.de\/#website","url":"https:\/\/writinghistory.de\/","name":"Writing History","description":"Scholarship with Style","potentialAction":[{"@type":"SearchAction","target":{"@type":"EntryPoint","urlTemplate":"https:\/\/writinghistory.de\/?s={search_term_string}"},"query-input":{"@type":"PropertyValueSpecification","valueRequired":true,"valueName":"search_term_string"}}],"inLanguage":"de"}]}},"_links":{"self":[{"href":"https:\/\/writinghistory.de\/de\/wp-json\/wp\/v2\/pages\/521","targetHints":{"allow":["GET"]}}],"collection":[{"href":"https:\/\/writinghistory.de\/de\/wp-json\/wp\/v2\/pages"}],"about":[{"href":"https:\/\/writinghistory.de\/de\/wp-json\/wp\/v2\/types\/page"}],"author":[{"embeddable":true,"href":"https:\/\/writinghistory.de\/de\/wp-json\/wp\/v2\/users\/1"}],"replies":[{"embeddable":true,"href":"https:\/\/writinghistory.de\/de\/wp-json\/wp\/v2\/comments?post=521"}],"version-history":[{"count":21,"href":"https:\/\/writinghistory.de\/de\/wp-json\/wp\/v2\/pages\/521\/revisions"}],"predecessor-version":[{"id":1092,"href":"https:\/\/writinghistory.de\/de\/wp-json\/wp\/v2\/pages\/521\/revisions\/1092"}],"wp:attachment":[{"href":"https:\/\/writinghistory.de\/de\/wp-json\/wp\/v2\/media?parent=521"}],"curies":[{"name":"wp","href":"https:\/\/api.w.org\/{rel}","templated":true}]}}