{"id":553,"date":"2015-01-12T17:58:13","date_gmt":"2015-01-12T17:58:13","guid":{"rendered":"https:\/\/writinghistory.de\/?page_id=553"},"modified":"2024-12-04T11:52:39","modified_gmt":"2024-12-04T11:52:39","slug":"impressum","status":"publish","type":"page","link":"https:\/\/writinghistory.de\/de\/impressum\/","title":{"rendered":"Impressum"},"content":{"rendered":"<div class=\"two_columns_50_50 clearfix\"><div class=\"column1\"><div class=\"column_inner\">\n<strong>Angaben gem\u00e4\u00df deutschem Recht:<\/strong><\/p>\n<p>Dr. Ellen Yutzy Glebe<\/p>\n<p>Self-employed translator and editor<\/p>\n<p>eyg@writinghistory.de<\/p>\n<p>Schwarzer Weg 1<\/p>\n<p>34132 Kassel Germany<\/p>\n<p>+49 (0) 561 937 1242<\/p>\n<p>USt-IdNr. DE 298048609<\/p>\n<\/div><\/div>\n<div class=\"column2\"><div class=\"column_inner\">\n<strong>Verantwortlich f\u00fcr den Inhalt nach \u00a7 18 Abs. 2 MStV:<\/strong><\/p>\n<p>Dr. Ellen Yutzy Glebe<\/p>\n<p>Schwarzer Weg 1<\/p>\n<p>34132 Kassel<\/p>\n<\/div><\/div><\/div>\n<div style=\"margin-top:40px;margin-bottom:40px;background-color: #ccc;height:1px;\" class=\"separator normal\"><\/div>\n<p><strong><em>Datenschutzerkl\u00e4rung:<\/em><\/strong><\/p>\n<p>Der Nutzung der im Rahmen der Impressumspflicht ver\u00f6ffentlichten Kontaktdaten durch Dritte zur \u00dcbersendung von nicht ausdr\u00fccklich von mir angeforderter Werbung und Informationsmaterialien wird hiermit ausdr\u00fccklich widersprochen.<\/p>\n<p>Alle Inhalte dieses Internetauftrittes sind urheberrechtlich gesch\u00fctzt und d\u00fcrfen ohne meine ausdr\u00fcckliche schriftliche Erlaubnis weder benutzt, weiterverarbeitet noch unter einer fremden URL zug\u00e4nglich gemacht werden.<\/p>\n<p>Weitere Informationen \u00fcber die Nutzung personenbezogenen Daten auf dieser Website sind in der <a href=\"https:\/\/writinghistory.de\/de\/datenschutzerklaerung\/\">Datenschutzerkl\u00e4rung<\/a> nachzulesen.<\/p>\n<p><em><strong>Online Schlichtungsplatform der Europ\u00e4ischen Union:<\/strong><\/em><\/p>\n<p>Die EU-Kommission hat eine Internetplattform zur Online-Beilegung von Streitigkeiten zwischen Unternehmern und Verbrauchern eingerichtet. Sie erreichen diese Platform unter http:\/\/ec.europa.eu\/consumers\/odr\/.<\/p>\n<p>\u00a9 Copyright 2024 Dr. Ellen Yutzy Glebe<\/p>\n<p style=\"font-style: italic; text-align: center; margin-top: 50px;\">Header photo: L\u00f6wenburg im Bergpark Wilhelmsh\u00f6he, Kassel, Deutschland<\/p>\n","protected":false},"excerpt":{"rendered":"<p>Datenschutzerkl\u00e4rung: Der Nutzung der im Rahmen der Impressumspflicht ver\u00f6ffentlichten Kontaktdaten durch Dritte zur \u00dcbersendung von nicht ausdr\u00fccklich von mir angeforderter Werbung und Informationsmaterialien wird hiermit ausdr\u00fccklich widersprochen. Alle Inhalte dieses Internetauftrittes sind urheberrechtlich gesch\u00fctzt und d\u00fcrfen ohne meine ausdr\u00fcckliche schriftliche Erlaubnis weder benutzt, weiterverarbeitet noch&#8230;<\/p>\n","protected":false},"author":1,"featured_media":0,"parent":0,"menu_order":0,"comment_status":"closed","ping_status":"open","template":"","meta":{"footnotes":""},"class_list":["post-553","page","type-page","status-publish","hentry"],"yoast_head":"<!-- This site is optimized with the Yoast SEO plugin v27.4 - https:\/\/yoast.com\/product\/yoast-seo-wordpress\/ -->\n<title>Impressum - Writing History<\/title>\n<meta name=\"robots\" content=\"index, follow, max-snippet:-1, max-image-preview:large, max-video-preview:-1\" \/>\n<link rel=\"canonical\" href=\"https:\/\/writinghistory.de\/de\/impressum\/\" \/>\n<meta property=\"og:locale\" content=\"de_DE\" \/>\n<meta property=\"og:type\" content=\"article\" \/>\n<meta property=\"og:title\" content=\"Impressum - Writing History\" \/>\n<meta property=\"og:description\" content=\"Datenschutzerkl\u00e4rung: Der Nutzung der im Rahmen der Impressumspflicht ver\u00f6ffentlichten Kontaktdaten durch Dritte zur \u00dcbersendung von nicht ausdr\u00fccklich von mir angeforderter Werbung und Informationsmaterialien wird hiermit ausdr\u00fccklich widersprochen. Alle Inhalte dieses Internetauftrittes sind urheberrechtlich gesch\u00fctzt und d\u00fcrfen ohne meine ausdr\u00fcckliche schriftliche Erlaubnis weder benutzt, weiterverarbeitet noch...\" \/>\n<meta property=\"og:url\" content=\"https:\/\/writinghistory.de\/de\/impressum\/\" \/>\n<meta property=\"og:site_name\" content=\"Writing History\" \/>\n<meta property=\"article:modified_time\" content=\"2024-12-04T11:52:39+00:00\" \/>\n<meta name=\"twitter:label1\" content=\"Gesch\u00e4tzte Lesezeit\" \/>\n\t<meta name=\"twitter:data1\" content=\"1\u00a0Minute\" \/>\n<script type=\"application\/ld+json\" class=\"yoast-schema-graph\">{\"@context\":\"https:\\\/\\\/schema.org\",\"@graph\":[{\"@type\":\"WebPage\",\"@id\":\"https:\\\/\\\/writinghistory.de\\\/de\\\/impressum\\\/\",\"url\":\"https:\\\/\\\/writinghistory.de\\\/de\\\/impressum\\\/\",\"name\":\"Impressum - Writing History\",\"isPartOf\":{\"@id\":\"https:\\\/\\\/writinghistory.de\\\/#website\"},\"datePublished\":\"2015-01-12T17:58:13+00:00\",\"dateModified\":\"2024-12-04T11:52:39+00:00\",\"breadcrumb\":{\"@id\":\"https:\\\/\\\/writinghistory.de\\\/de\\\/impressum\\\/#breadcrumb\"},\"inLanguage\":\"de\",\"potentialAction\":[{\"@type\":\"ReadAction\",\"target\":[\"https:\\\/\\\/writinghistory.de\\\/de\\\/impressum\\\/\"]}]},{\"@type\":\"BreadcrumbList\",\"@id\":\"https:\\\/\\\/writinghistory.de\\\/de\\\/impressum\\\/#breadcrumb\",\"itemListElement\":[{\"@type\":\"ListItem\",\"position\":1,\"name\":\"Home\",\"item\":\"https:\\\/\\\/writinghistory.de\\\/de\\\/\"},{\"@type\":\"ListItem\",\"position\":2,\"name\":\"Impressum\"}]},{\"@type\":\"WebSite\",\"@id\":\"https:\\\/\\\/writinghistory.de\\\/#website\",\"url\":\"https:\\\/\\\/writinghistory.de\\\/\",\"name\":\"Writing History\",\"description\":\"Scholarship with Style\",\"potentialAction\":[{\"@type\":\"SearchAction\",\"target\":{\"@type\":\"EntryPoint\",\"urlTemplate\":\"https:\\\/\\\/writinghistory.de\\\/?s={search_term_string}\"},\"query-input\":{\"@type\":\"PropertyValueSpecification\",\"valueRequired\":true,\"valueName\":\"search_term_string\"}}],\"inLanguage\":\"de\"}]}<\/script>\n<!-- \/ Yoast SEO plugin. -->","yoast_head_json":{"title":"Impressum - Writing History","robots":{"index":"index","follow":"follow","max-snippet":"max-snippet:-1","max-image-preview":"max-image-preview:large","max-video-preview":"max-video-preview:-1"},"canonical":"https:\/\/writinghistory.de\/de\/impressum\/","og_locale":"de_DE","og_type":"article","og_title":"Impressum - Writing History","og_description":"Datenschutzerkl\u00e4rung: Der Nutzung der im Rahmen der Impressumspflicht ver\u00f6ffentlichten Kontaktdaten durch Dritte zur \u00dcbersendung von nicht ausdr\u00fccklich von mir angeforderter Werbung und Informationsmaterialien wird hiermit ausdr\u00fccklich widersprochen. Alle Inhalte dieses Internetauftrittes sind urheberrechtlich gesch\u00fctzt und d\u00fcrfen ohne meine ausdr\u00fcckliche schriftliche Erlaubnis weder benutzt, weiterverarbeitet noch...","og_url":"https:\/\/writinghistory.de\/de\/impressum\/","og_site_name":"Writing History","article_modified_time":"2024-12-04T11:52:39+00:00","twitter_misc":{"Gesch\u00e4tzte Lesezeit":"1\u00a0Minute"},"schema":{"@context":"https:\/\/schema.org","@graph":[{"@type":"WebPage","@id":"https:\/\/writinghistory.de\/de\/impressum\/","url":"https:\/\/writinghistory.de\/de\/impressum\/","name":"Impressum - Writing History","isPartOf":{"@id":"https:\/\/writinghistory.de\/#website"},"datePublished":"2015-01-12T17:58:13+00:00","dateModified":"2024-12-04T11:52:39+00:00","breadcrumb":{"@id":"https:\/\/writinghistory.de\/de\/impressum\/#breadcrumb"},"inLanguage":"de","potentialAction":[{"@type":"ReadAction","target":["https:\/\/writinghistory.de\/de\/impressum\/"]}]},{"@type":"BreadcrumbList","@id":"https:\/\/writinghistory.de\/de\/impressum\/#breadcrumb","itemListElement":[{"@type":"ListItem","position":1,"name":"Home","item":"https:\/\/writinghistory.de\/de\/"},{"@type":"ListItem","position":2,"name":"Impressum"}]},{"@type":"WebSite","@id":"https:\/\/writinghistory.de\/#website","url":"https:\/\/writinghistory.de\/","name":"Writing History","description":"Scholarship with Style","potentialAction":[{"@type":"SearchAction","target":{"@type":"EntryPoint","urlTemplate":"https:\/\/writinghistory.de\/?s={search_term_string}"},"query-input":{"@type":"PropertyValueSpecification","valueRequired":true,"valueName":"search_term_string"}}],"inLanguage":"de"}]}},"_links":{"self":[{"href":"https:\/\/writinghistory.de\/de\/wp-json\/wp\/v2\/pages\/553","targetHints":{"allow":["GET"]}}],"collection":[{"href":"https:\/\/writinghistory.de\/de\/wp-json\/wp\/v2\/pages"}],"about":[{"href":"https:\/\/writinghistory.de\/de\/wp-json\/wp\/v2\/types\/page"}],"author":[{"embeddable":true,"href":"https:\/\/writinghistory.de\/de\/wp-json\/wp\/v2\/users\/1"}],"replies":[{"embeddable":true,"href":"https:\/\/writinghistory.de\/de\/wp-json\/wp\/v2\/comments?post=553"}],"version-history":[{"count":16,"href":"https:\/\/writinghistory.de\/de\/wp-json\/wp\/v2\/pages\/553\/revisions"}],"predecessor-version":[{"id":1338,"href":"https:\/\/writinghistory.de\/de\/wp-json\/wp\/v2\/pages\/553\/revisions\/1338"}],"wp:attachment":[{"href":"https:\/\/writinghistory.de\/de\/wp-json\/wp\/v2\/media?parent=553"}],"curies":[{"name":"wp","href":"https:\/\/api.w.org\/{rel}","templated":true}]}}