{"id":561,"date":"2015-01-12T18:14:49","date_gmt":"2015-01-12T18:14:49","guid":{"rendered":"https:\/\/writinghistory.de\/?page_id=561"},"modified":"2023-05-02T18:03:33","modified_gmt":"2023-05-02T18:03:33","slug":"haftungsausschluss","status":"publish","type":"page","link":"https:\/\/writinghistory.de\/de\/haftungsausschluss\/","title":{"rendered":"Haftungsausschluss"},"content":{"rendered":"<div class=\"two_columns_66_33 clearfix\"><div class=\"column1\"><div class=\"column_inner\">\n<h3 style=\"text-align: left; color: #490002; margin-bottom: 20px; font-size: 22px;\">Haftung f\u00fcr Inhalte<\/h3>\n<p>Obwohl ich die Inhalte dieser Seiten mit gr\u00f6\u00dfter Sorgfalt erstellt habe, kann ich jedoch f\u00fcr die Richtigkeit, Vollst\u00e4ndigkeit und Aktualit\u00e4t der Inhalte keine Gew\u00e4hr \u00fcbernehmen. Sollte ich informiert werden, dass Inhalte dieser Seite fehlerhaft oder rechtswidrig sind, werde ich diese umgehend \u00e4ndern.<\/p>\n<div style=\"margin-top:20px;margin-bottom:20px;background-color: #ccc;height:1px;\" class=\"separator normal\"><\/div>\n<h3 style=\"text-align: left; color: #490002; margin-bottom: 20px; font-size: 22px;\">Haftung f\u00fcr Links<\/h3>\n<p>Diese Webseite enth\u00e4lt Links zu externen Anbietern, auf deren Inhalte ich keinen Einfluss habe und keine Gew\u00e4hr \u00fcbernehmen kann. F\u00fcr die Inhalte der verlinkten Seiten ist stets der jeweilige Anbieter oder Betreiber der Seiten verantwortlich. Bei Bekanntwerden von Rechtsverletzungen werde ich derartige Links umgehend entfernen.<\/p>\n<\/div><\/div>\n<div class=\"column2\"><div class=\"column_inner\"><img decoding=\"async\" style=\"width: 349px; margin: 9px auto 0px; display: block;\" src=\"https:\/\/writinghistory.de\/wp-content\/uploads\/2015\/01\/800px-Justitia_Justizpalast_Muenchen.jpg\" alt=\"\" \/><\/p>\n<p style=\"font-style: italic; text-align: center;\">Statue beim Justizpalast, M\u00fcnchen, Deutschland<\/p>\n<p style=\"font-style: italic; text-align: center;\">(Photo: Wikimedia\/Waugsberg, license <a href=\"https:\/\/commons.wikimedia.org\/wiki\/File:Justitia_Justizpalast_Muenchen.jpg\" target=\"_blank\" rel=\"noopener\">here<\/a>.)<\/p>\n<\/div><\/div><\/div>\n<div style=\"margin-top:20px;margin-bottom:20px;background-color: #ccc;height:1px;\" class=\"separator normal\"><\/div>\n<h3 style=\"text-align: left; color: #490002; margin-bottom: 20px; font-size: 22px;\">Urheber &#8211; und Kennzeichenrecht<\/h3>\n<p>Ich bin bestrebt, auf keine Weise innerhalb meines Internetauftrittes die Urheberrechte anderer zu verletzten. Das Copyright f\u00fcr ver\u00f6ffentlichte, von mir selbst erstellte Inhalte\u2014sowohl bildliche als auch schriftliche\u2014bleibt allein bei mir. Eine Vervielf\u00e4ltigung oder andere Verwendung davon ist ohne meine ausdr\u00fcckliche Zustimmung nicht gestattet.<\/p>\n<div style=\"margin-top:20px;margin-bottom:20px;background-color: #ccc;height:1px;\" class=\"separator normal\"><\/div>\n<h3 style=\"text-align: left; color: #490002; margin-bottom: 20px; font-size: 22px;\">Datenschutz<\/h3>\n<p>Die Nutzung dieser Webseite ist in der Regel ohne Angabe personenbezogener Daten m\u00f6glich. Soweit personenbezogene Daten (beispielsweise Name, Anschrift oder E-Mail-Adressen) erhoben werden, erfolgt dies, soweit m\u00f6glich, stets auf freiwilliger Basis. Diese Daten werden nicht ohne Ihre ausdr\u00fcckliche Zustimmung an Dritte weitergegeben. Ich weise darauf hin, dass die Daten\u00fcbertragung im Internet (z.B. bei der Kommunikation per E-Mail) Sicherheitsl\u00fccken aufweisen kann. Ein l\u00fcckenloser Schutz der Daten vor dem Zugriff durch Dritte ist nicht m\u00f6glich.<\/p>\n<p><strong>Der Nutzung von im Rahmen der Impressumspflicht ver\u00f6ffentlichten Kontaktdaten durch Dritte zur \u00dcbersendung von nicht ausdr\u00fccklich angeforderter Werbung und Informationsmaterialien wird hiermit ausdr\u00fccklich widersprochen. <\/strong><\/p>\n<p style=\"font-style: italic; text-align: center; margin-top: 50px;\">Header photo: Justizpalast, M\u00fcnchen, Deutschland (Photo: Wikimedia\/Alois Sturm, license <a href=\"https:\/\/commons.wikimedia.org\/wiki\/File:AlterJustizpalast.jpg\" target=\"_blank\" rel=\"noopener\">here<\/a>.)<\/p>\n","protected":false},"excerpt":{"rendered":"<p>Urheber &#8211; und Kennzeichenrecht Ich bin bestrebt, auf keine Weise innerhalb meines Internetauftrittes die Urheberrechte anderer zu verletzten. Das Copyright f\u00fcr ver\u00f6ffentlichte, von mir selbst erstellte Inhalte\u2014sowohl bildliche als auch schriftliche\u2014bleibt allein bei mir. Eine Vervielf\u00e4ltigung oder andere Verwendung davon ist ohne meine ausdr\u00fcckliche Zustimmung&#8230;<\/p>\n","protected":false},"author":1,"featured_media":0,"parent":0,"menu_order":0,"comment_status":"closed","ping_status":"closed","template":"","meta":{"footnotes":""},"class_list":["post-561","page","type-page","status-publish","hentry"],"yoast_head":"<!-- This site is optimized with the Yoast SEO plugin v27.4 - https:\/\/yoast.com\/product\/yoast-seo-wordpress\/ -->\n<title>Haftungsausschluss - Writing History<\/title>\n<meta name=\"robots\" content=\"index, follow, max-snippet:-1, max-image-preview:large, max-video-preview:-1\" \/>\n<link rel=\"canonical\" href=\"https:\/\/writinghistory.de\/de\/haftungsausschluss\/\" \/>\n<meta property=\"og:locale\" content=\"de_DE\" \/>\n<meta property=\"og:type\" content=\"article\" \/>\n<meta property=\"og:title\" content=\"Haftungsausschluss - Writing History\" \/>\n<meta property=\"og:description\" content=\"Urheber &#8211; und Kennzeichenrecht Ich bin bestrebt, auf keine Weise innerhalb meines Internetauftrittes die Urheberrechte anderer zu verletzten. Das Copyright f\u00fcr ver\u00f6ffentlichte, von mir selbst erstellte Inhalte\u2014sowohl bildliche als auch schriftliche\u2014bleibt allein bei mir. Eine Vervielf\u00e4ltigung oder andere Verwendung davon ist ohne meine ausdr\u00fcckliche Zustimmung...\" \/>\n<meta property=\"og:url\" content=\"https:\/\/writinghistory.de\/de\/haftungsausschluss\/\" \/>\n<meta property=\"og:site_name\" content=\"Writing History\" \/>\n<meta property=\"article:modified_time\" content=\"2023-05-02T18:03:33+00:00\" \/>\n<meta property=\"og:image\" content=\"https:\/\/writinghistory.de\/wp-content\/uploads\/2015\/01\/800px-Justitia_Justizpalast_Muenchen.jpg\" \/>\n<meta name=\"twitter:label1\" content=\"Gesch\u00e4tzte Lesezeit\" \/>\n\t<meta name=\"twitter:data1\" content=\"2\u00a0Minuten\" \/>\n<script type=\"application\/ld+json\" class=\"yoast-schema-graph\">{\"@context\":\"https:\\\/\\\/schema.org\",\"@graph\":[{\"@type\":\"WebPage\",\"@id\":\"https:\\\/\\\/writinghistory.de\\\/de\\\/haftungsausschluss\\\/\",\"url\":\"https:\\\/\\\/writinghistory.de\\\/de\\\/haftungsausschluss\\\/\",\"name\":\"Haftungsausschluss - Writing History\",\"isPartOf\":{\"@id\":\"https:\\\/\\\/writinghistory.de\\\/#website\"},\"primaryImageOfPage\":{\"@id\":\"https:\\\/\\\/writinghistory.de\\\/de\\\/haftungsausschluss\\\/#primaryimage\"},\"image\":{\"@id\":\"https:\\\/\\\/writinghistory.de\\\/de\\\/haftungsausschluss\\\/#primaryimage\"},\"thumbnailUrl\":\"https:\\\/\\\/writinghistory.de\\\/wp-content\\\/uploads\\\/2015\\\/01\\\/800px-Justitia_Justizpalast_Muenchen.jpg\",\"datePublished\":\"2015-01-12T18:14:49+00:00\",\"dateModified\":\"2023-05-02T18:03:33+00:00\",\"breadcrumb\":{\"@id\":\"https:\\\/\\\/writinghistory.de\\\/de\\\/haftungsausschluss\\\/#breadcrumb\"},\"inLanguage\":\"de\",\"potentialAction\":[{\"@type\":\"ReadAction\",\"target\":[\"https:\\\/\\\/writinghistory.de\\\/de\\\/haftungsausschluss\\\/\"]}]},{\"@type\":\"ImageObject\",\"inLanguage\":\"de\",\"@id\":\"https:\\\/\\\/writinghistory.de\\\/de\\\/haftungsausschluss\\\/#primaryimage\",\"url\":\"https:\\\/\\\/writinghistory.de\\\/wp-content\\\/uploads\\\/2015\\\/01\\\/800px-Justitia_Justizpalast_Muenchen.jpg\",\"contentUrl\":\"https:\\\/\\\/writinghistory.de\\\/wp-content\\\/uploads\\\/2015\\\/01\\\/800px-Justitia_Justizpalast_Muenchen.jpg\"},{\"@type\":\"BreadcrumbList\",\"@id\":\"https:\\\/\\\/writinghistory.de\\\/de\\\/haftungsausschluss\\\/#breadcrumb\",\"itemListElement\":[{\"@type\":\"ListItem\",\"position\":1,\"name\":\"Home\",\"item\":\"https:\\\/\\\/writinghistory.de\\\/de\\\/\"},{\"@type\":\"ListItem\",\"position\":2,\"name\":\"Haftungsausschluss\"}]},{\"@type\":\"WebSite\",\"@id\":\"https:\\\/\\\/writinghistory.de\\\/#website\",\"url\":\"https:\\\/\\\/writinghistory.de\\\/\",\"name\":\"Writing History\",\"description\":\"Scholarship with Style\",\"potentialAction\":[{\"@type\":\"SearchAction\",\"target\":{\"@type\":\"EntryPoint\",\"urlTemplate\":\"https:\\\/\\\/writinghistory.de\\\/?s={search_term_string}\"},\"query-input\":{\"@type\":\"PropertyValueSpecification\",\"valueRequired\":true,\"valueName\":\"search_term_string\"}}],\"inLanguage\":\"de\"}]}<\/script>\n<!-- \/ Yoast SEO plugin. -->","yoast_head_json":{"title":"Haftungsausschluss - Writing History","robots":{"index":"index","follow":"follow","max-snippet":"max-snippet:-1","max-image-preview":"max-image-preview:large","max-video-preview":"max-video-preview:-1"},"canonical":"https:\/\/writinghistory.de\/de\/haftungsausschluss\/","og_locale":"de_DE","og_type":"article","og_title":"Haftungsausschluss - Writing History","og_description":"Urheber &#8211; und Kennzeichenrecht Ich bin bestrebt, auf keine Weise innerhalb meines Internetauftrittes die Urheberrechte anderer zu verletzten. Das Copyright f\u00fcr ver\u00f6ffentlichte, von mir selbst erstellte Inhalte\u2014sowohl bildliche als auch schriftliche\u2014bleibt allein bei mir. Eine Vervielf\u00e4ltigung oder andere Verwendung davon ist ohne meine ausdr\u00fcckliche Zustimmung...","og_url":"https:\/\/writinghistory.de\/de\/haftungsausschluss\/","og_site_name":"Writing History","article_modified_time":"2023-05-02T18:03:33+00:00","og_image":[{"url":"https:\/\/writinghistory.de\/wp-content\/uploads\/2015\/01\/800px-Justitia_Justizpalast_Muenchen.jpg","type":"","width":"","height":""}],"twitter_misc":{"Gesch\u00e4tzte Lesezeit":"2\u00a0Minuten"},"schema":{"@context":"https:\/\/schema.org","@graph":[{"@type":"WebPage","@id":"https:\/\/writinghistory.de\/de\/haftungsausschluss\/","url":"https:\/\/writinghistory.de\/de\/haftungsausschluss\/","name":"Haftungsausschluss - Writing History","isPartOf":{"@id":"https:\/\/writinghistory.de\/#website"},"primaryImageOfPage":{"@id":"https:\/\/writinghistory.de\/de\/haftungsausschluss\/#primaryimage"},"image":{"@id":"https:\/\/writinghistory.de\/de\/haftungsausschluss\/#primaryimage"},"thumbnailUrl":"https:\/\/writinghistory.de\/wp-content\/uploads\/2015\/01\/800px-Justitia_Justizpalast_Muenchen.jpg","datePublished":"2015-01-12T18:14:49+00:00","dateModified":"2023-05-02T18:03:33+00:00","breadcrumb":{"@id":"https:\/\/writinghistory.de\/de\/haftungsausschluss\/#breadcrumb"},"inLanguage":"de","potentialAction":[{"@type":"ReadAction","target":["https:\/\/writinghistory.de\/de\/haftungsausschluss\/"]}]},{"@type":"ImageObject","inLanguage":"de","@id":"https:\/\/writinghistory.de\/de\/haftungsausschluss\/#primaryimage","url":"https:\/\/writinghistory.de\/wp-content\/uploads\/2015\/01\/800px-Justitia_Justizpalast_Muenchen.jpg","contentUrl":"https:\/\/writinghistory.de\/wp-content\/uploads\/2015\/01\/800px-Justitia_Justizpalast_Muenchen.jpg"},{"@type":"BreadcrumbList","@id":"https:\/\/writinghistory.de\/de\/haftungsausschluss\/#breadcrumb","itemListElement":[{"@type":"ListItem","position":1,"name":"Home","item":"https:\/\/writinghistory.de\/de\/"},{"@type":"ListItem","position":2,"name":"Haftungsausschluss"}]},{"@type":"WebSite","@id":"https:\/\/writinghistory.de\/#website","url":"https:\/\/writinghistory.de\/","name":"Writing History","description":"Scholarship with Style","potentialAction":[{"@type":"SearchAction","target":{"@type":"EntryPoint","urlTemplate":"https:\/\/writinghistory.de\/?s={search_term_string}"},"query-input":{"@type":"PropertyValueSpecification","valueRequired":true,"valueName":"search_term_string"}}],"inLanguage":"de"}]}},"_links":{"self":[{"href":"https:\/\/writinghistory.de\/de\/wp-json\/wp\/v2\/pages\/561","targetHints":{"allow":["GET"]}}],"collection":[{"href":"https:\/\/writinghistory.de\/de\/wp-json\/wp\/v2\/pages"}],"about":[{"href":"https:\/\/writinghistory.de\/de\/wp-json\/wp\/v2\/types\/page"}],"author":[{"embeddable":true,"href":"https:\/\/writinghistory.de\/de\/wp-json\/wp\/v2\/users\/1"}],"replies":[{"embeddable":true,"href":"https:\/\/writinghistory.de\/de\/wp-json\/wp\/v2\/comments?post=561"}],"version-history":[{"count":10,"href":"https:\/\/writinghistory.de\/de\/wp-json\/wp\/v2\/pages\/561\/revisions"}],"predecessor-version":[{"id":1276,"href":"https:\/\/writinghistory.de\/de\/wp-json\/wp\/v2\/pages\/561\/revisions\/1276"}],"wp:attachment":[{"href":"https:\/\/writinghistory.de\/de\/wp-json\/wp\/v2\/media?parent=561"}],"curies":[{"name":"wp","href":"https:\/\/api.w.org\/{rel}","templated":true}]}}