{"id":573,"date":"2015-01-12T18:23:53","date_gmt":"2015-01-12T18:23:53","guid":{"rendered":"https:\/\/writinghistory.de\/?page_id=573"},"modified":"2021-10-25T09:35:29","modified_gmt":"2021-10-25T09:35:29","slug":"kontakt","status":"publish","type":"page","link":"https:\/\/writinghistory.de\/de\/kontakt\/","title":{"rendered":"Kontakt &#8211; Kurier"},"content":{"rendered":"<div class=\"two_columns_50_50 clearfix\"><div class=\"column1\"><div class=\"column_inner\"><\/div><\/div>\n<h3 style=\"text-align: center; color: #490002; margin-bottom: 20px;\">Kontakt<\/h3>\n<div style=\"display: block; max-width: 85%; margin: 9px auto 0px;\"><img decoding=\"async\" class=\"aligncenter\" src=\"https:\/\/writinghistory.de\/wp-content\/uploads\/2015\/01\/Depositphotos_26183749_s.jpg\" \/><\/p>\n<p style=\"text-align: center;\"><strong>Sie k\u00f6nnen Ihre Anfrage gerne per E-mail an <img loading=\"lazy\" decoding=\"async\" class=\"\" style=\"position: relative; top: 5px;\" src=\"https:\/\/writinghistory.de\/wp-content\/uploads\/2014\/12\/mail.jpg\" width=\"176\" height=\"22\" \/> schicken. <\/strong><\/p>\n<p style=\"text-align: center;\">\n<p style=\"text-align: center;\"><strong>Wenn Sie einen Kostenvoranschlag f\u00fcr eine \u00dcbersetzung ben\u00f6tigen, h\u00e4ngen Sie bitte die Datei an, sodass ich um umgehend antworten kann.<\/strong><\/p>\n<\/div>\n<p>&nbsp;<\/p>\n<div style=\"margin-top:40px;margin-bottom:40px;background-color: #ccc;height:1px;\" class=\"separator normal\"><\/div>\n<h3 style=\"text-align: center; color: #490002;\">In der Regel werde ich innerhalb von 48 Stunden Ihre Anfrage beantworten.<\/h3>\n<p style=\"font-style: italic; text-align: center; margin-top: 50px;\">Header photo: Detail der Nasridenpal\u00e4ste in der Alhambra, Granada, Spanien<\/p>\n","protected":false},"excerpt":{"rendered":"<p>Kontakt Sie k\u00f6nnen Ihre Anfrage gerne per E-mail an schicken. Wenn Sie einen Kostenvoranschlag f\u00fcr eine \u00dcbersetzung ben\u00f6tigen, h\u00e4ngen Sie bitte die Datei an, sodass ich um umgehend antworten kann. &nbsp; In der Regel werde ich innerhalb von 48 Stunden Ihre Anfrage beantworten. Header photo:&#8230;<\/p>\n","protected":false},"author":1,"featured_media":0,"parent":0,"menu_order":0,"comment_status":"closed","ping_status":"closed","template":"","meta":{"footnotes":""},"class_list":["post-573","page","type-page","status-publish","hentry"],"yoast_head":"<!-- This site is optimized with the Yoast SEO plugin v27.4 - https:\/\/yoast.com\/product\/yoast-seo-wordpress\/ -->\n<title>Kontakt - Kurier - Writing History<\/title>\n<meta name=\"robots\" content=\"index, follow, max-snippet:-1, max-image-preview:large, max-video-preview:-1\" \/>\n<link rel=\"canonical\" href=\"https:\/\/writinghistory.de\/de\/kontakt\/\" \/>\n<meta property=\"og:locale\" content=\"de_DE\" \/>\n<meta property=\"og:type\" content=\"article\" \/>\n<meta property=\"og:title\" content=\"Kontakt - Kurier - Writing History\" \/>\n<meta property=\"og:description\" content=\"Kontakt Sie k\u00f6nnen Ihre Anfrage gerne per E-mail an schicken. Wenn Sie einen Kostenvoranschlag f\u00fcr eine \u00dcbersetzung ben\u00f6tigen, h\u00e4ngen Sie bitte die Datei an, sodass ich um umgehend antworten kann. &nbsp; In der Regel werde ich innerhalb von 48 Stunden Ihre Anfrage beantworten. Header photo:...\" \/>\n<meta property=\"og:url\" content=\"https:\/\/writinghistory.de\/de\/kontakt\/\" \/>\n<meta property=\"og:site_name\" content=\"Writing History\" \/>\n<meta property=\"article:modified_time\" content=\"2021-10-25T09:35:29+00:00\" \/>\n<meta property=\"og:image\" content=\"https:\/\/writinghistory.de\/wp-content\/uploads\/2015\/01\/Depositphotos_26183749_s.jpg\" \/>\n<meta name=\"twitter:label1\" content=\"Gesch\u00e4tzte Lesezeit\" \/>\n\t<meta name=\"twitter:data1\" content=\"1\u00a0Minute\" \/>\n<script type=\"application\/ld+json\" class=\"yoast-schema-graph\">{\"@context\":\"https:\\\/\\\/schema.org\",\"@graph\":[{\"@type\":\"WebPage\",\"@id\":\"https:\\\/\\\/writinghistory.de\\\/de\\\/kontakt\\\/\",\"url\":\"https:\\\/\\\/writinghistory.de\\\/de\\\/kontakt\\\/\",\"name\":\"Kontakt - Kurier - Writing History\",\"isPartOf\":{\"@id\":\"https:\\\/\\\/writinghistory.de\\\/#website\"},\"primaryImageOfPage\":{\"@id\":\"https:\\\/\\\/writinghistory.de\\\/de\\\/kontakt\\\/#primaryimage\"},\"image\":{\"@id\":\"https:\\\/\\\/writinghistory.de\\\/de\\\/kontakt\\\/#primaryimage\"},\"thumbnailUrl\":\"https:\\\/\\\/writinghistory.de\\\/wp-content\\\/uploads\\\/2015\\\/01\\\/Depositphotos_26183749_s.jpg\",\"datePublished\":\"2015-01-12T18:23:53+00:00\",\"dateModified\":\"2021-10-25T09:35:29+00:00\",\"breadcrumb\":{\"@id\":\"https:\\\/\\\/writinghistory.de\\\/de\\\/kontakt\\\/#breadcrumb\"},\"inLanguage\":\"de\",\"potentialAction\":[{\"@type\":\"ReadAction\",\"target\":[\"https:\\\/\\\/writinghistory.de\\\/de\\\/kontakt\\\/\"]}]},{\"@type\":\"ImageObject\",\"inLanguage\":\"de\",\"@id\":\"https:\\\/\\\/writinghistory.de\\\/de\\\/kontakt\\\/#primaryimage\",\"url\":\"https:\\\/\\\/writinghistory.de\\\/wp-content\\\/uploads\\\/2015\\\/01\\\/Depositphotos_26183749_s.jpg\",\"contentUrl\":\"https:\\\/\\\/writinghistory.de\\\/wp-content\\\/uploads\\\/2015\\\/01\\\/Depositphotos_26183749_s.jpg\"},{\"@type\":\"BreadcrumbList\",\"@id\":\"https:\\\/\\\/writinghistory.de\\\/de\\\/kontakt\\\/#breadcrumb\",\"itemListElement\":[{\"@type\":\"ListItem\",\"position\":1,\"name\":\"Home\",\"item\":\"https:\\\/\\\/writinghistory.de\\\/de\\\/\"},{\"@type\":\"ListItem\",\"position\":2,\"name\":\"Kontakt &#8211; Kurier\"}]},{\"@type\":\"WebSite\",\"@id\":\"https:\\\/\\\/writinghistory.de\\\/#website\",\"url\":\"https:\\\/\\\/writinghistory.de\\\/\",\"name\":\"Writing History\",\"description\":\"Scholarship with Style\",\"potentialAction\":[{\"@type\":\"SearchAction\",\"target\":{\"@type\":\"EntryPoint\",\"urlTemplate\":\"https:\\\/\\\/writinghistory.de\\\/?s={search_term_string}\"},\"query-input\":{\"@type\":\"PropertyValueSpecification\",\"valueRequired\":true,\"valueName\":\"search_term_string\"}}],\"inLanguage\":\"de\"}]}<\/script>\n<!-- \/ Yoast SEO plugin. -->","yoast_head_json":{"title":"Kontakt - Kurier - Writing History","robots":{"index":"index","follow":"follow","max-snippet":"max-snippet:-1","max-image-preview":"max-image-preview:large","max-video-preview":"max-video-preview:-1"},"canonical":"https:\/\/writinghistory.de\/de\/kontakt\/","og_locale":"de_DE","og_type":"article","og_title":"Kontakt - Kurier - Writing History","og_description":"Kontakt Sie k\u00f6nnen Ihre Anfrage gerne per E-mail an schicken. Wenn Sie einen Kostenvoranschlag f\u00fcr eine \u00dcbersetzung ben\u00f6tigen, h\u00e4ngen Sie bitte die Datei an, sodass ich um umgehend antworten kann. &nbsp; In der Regel werde ich innerhalb von 48 Stunden Ihre Anfrage beantworten. Header photo:...","og_url":"https:\/\/writinghistory.de\/de\/kontakt\/","og_site_name":"Writing History","article_modified_time":"2021-10-25T09:35:29+00:00","og_image":[{"url":"https:\/\/writinghistory.de\/wp-content\/uploads\/2015\/01\/Depositphotos_26183749_s.jpg","type":"","width":"","height":""}],"twitter_misc":{"Gesch\u00e4tzte Lesezeit":"1\u00a0Minute"},"schema":{"@context":"https:\/\/schema.org","@graph":[{"@type":"WebPage","@id":"https:\/\/writinghistory.de\/de\/kontakt\/","url":"https:\/\/writinghistory.de\/de\/kontakt\/","name":"Kontakt - Kurier - Writing History","isPartOf":{"@id":"https:\/\/writinghistory.de\/#website"},"primaryImageOfPage":{"@id":"https:\/\/writinghistory.de\/de\/kontakt\/#primaryimage"},"image":{"@id":"https:\/\/writinghistory.de\/de\/kontakt\/#primaryimage"},"thumbnailUrl":"https:\/\/writinghistory.de\/wp-content\/uploads\/2015\/01\/Depositphotos_26183749_s.jpg","datePublished":"2015-01-12T18:23:53+00:00","dateModified":"2021-10-25T09:35:29+00:00","breadcrumb":{"@id":"https:\/\/writinghistory.de\/de\/kontakt\/#breadcrumb"},"inLanguage":"de","potentialAction":[{"@type":"ReadAction","target":["https:\/\/writinghistory.de\/de\/kontakt\/"]}]},{"@type":"ImageObject","inLanguage":"de","@id":"https:\/\/writinghistory.de\/de\/kontakt\/#primaryimage","url":"https:\/\/writinghistory.de\/wp-content\/uploads\/2015\/01\/Depositphotos_26183749_s.jpg","contentUrl":"https:\/\/writinghistory.de\/wp-content\/uploads\/2015\/01\/Depositphotos_26183749_s.jpg"},{"@type":"BreadcrumbList","@id":"https:\/\/writinghistory.de\/de\/kontakt\/#breadcrumb","itemListElement":[{"@type":"ListItem","position":1,"name":"Home","item":"https:\/\/writinghistory.de\/de\/"},{"@type":"ListItem","position":2,"name":"Kontakt &#8211; Kurier"}]},{"@type":"WebSite","@id":"https:\/\/writinghistory.de\/#website","url":"https:\/\/writinghistory.de\/","name":"Writing History","description":"Scholarship with Style","potentialAction":[{"@type":"SearchAction","target":{"@type":"EntryPoint","urlTemplate":"https:\/\/writinghistory.de\/?s={search_term_string}"},"query-input":{"@type":"PropertyValueSpecification","valueRequired":true,"valueName":"search_term_string"}}],"inLanguage":"de"}]}},"_links":{"self":[{"href":"https:\/\/writinghistory.de\/de\/wp-json\/wp\/v2\/pages\/573","targetHints":{"allow":["GET"]}}],"collection":[{"href":"https:\/\/writinghistory.de\/de\/wp-json\/wp\/v2\/pages"}],"about":[{"href":"https:\/\/writinghistory.de\/de\/wp-json\/wp\/v2\/types\/page"}],"author":[{"embeddable":true,"href":"https:\/\/writinghistory.de\/de\/wp-json\/wp\/v2\/users\/1"}],"replies":[{"embeddable":true,"href":"https:\/\/writinghistory.de\/de\/wp-json\/wp\/v2\/comments?post=573"}],"version-history":[{"count":10,"href":"https:\/\/writinghistory.de\/de\/wp-json\/wp\/v2\/pages\/573\/revisions"}],"predecessor-version":[{"id":1270,"href":"https:\/\/writinghistory.de\/de\/wp-json\/wp\/v2\/pages\/573\/revisions\/1270"}],"wp:attachment":[{"href":"https:\/\/writinghistory.de\/de\/wp-json\/wp\/v2\/media?parent=573"}],"curies":[{"name":"wp","href":"https:\/\/api.w.org\/{rel}","templated":true}]}}