{"id":574,"date":"2015-01-12T18:23:56","date_gmt":"2015-01-12T18:23:56","guid":{"rendered":"https:\/\/writinghistory.de\/?page_id=574"},"modified":"2015-01-25T21:27:38","modified_gmt":"2015-01-25T21:27:38","slug":"zu-den-bildern","status":"publish","type":"page","link":"https:\/\/writinghistory.de\/de\/zu-den-bildern\/","title":{"rendered":"Zu den Bildern . . ."},"content":{"rendered":"<h3 style=\"text-align: left; color: #490002; margin-bottom: 20px;font-size: 22px;\">\u00dcber die Bilder:<\/h3>\n<p>Obwohl die meisten Bilder auf dieser Seite entweder lizenzfreie Fotos aus kommerziellen Sammlungen oder via Wikipedia frei zug\u00e4nglich  sind,  haben mein Webdesignteam und ich sie sorgf\u00e4ltig ausgesucht. Sie sind nicht nur \u00fcberwiegend historischen Charakters, sondern haben fast alle irgendeinen pers\u00f6nlichen Bezug zu meinem Lebensweg oder meinen historischen Interessen. Es gibt mehrere Themen, die auf verschiedenen Seiten vorkommen:<\/p>\n<h3 style=\"text-align: left; color: #490002; margin-bottom: 20px;font-size: 22px;\">\u00c4gyptische Geschichte:<\/h3>\n<p>Wie auf der Seite zu meiner Person erw\u00e4hnt, habe ich mich als Kind sehr f\u00fcr das antike \u00c4gypten interessiert. Ich bin zwar nie zu den Pyramiden oder den Tempeln (auf der Startseite und der biografischen Seite) gereist, aber vielleicht mache ich das eines Tages!<\/p>\n<div style=\"margin-top:20px;margin-bottom:20px;background-color: #ccc;height:1px;\" class=\"separator normal\"><\/div>\n<h3 style=\"text-align: left; color: #490002; margin-bottom: 20px;font-size: 22px;\">Die Alhambra:<\/h3>\n<p>Es gibt mehrere Bilder der Alhambra in Granada, weil sie \u00f6fters in meinem aktuellen \u00dcbersetzungsprojekt, <a href=\"http:\/\/www.sussex-academic.com\/sa\/titles\/history\/Hertel.htm\" target=\"_blank\">The Crescent Remembered<\/a> : Islam and Nationalism on the Iberian Peninsula von Dr. Patricia Hertel, vorkommt. Die Alhambra spielt eine wichtige Rolle in der Mythologie der spanischen Nation, und sie ist, zumindest diesen Bildern nach, atemberaubend sch\u00f6n, egal aus welcher Perspektive sie betrachtet wird: aus der Ferne gesehen das umwerfende Panorama auf der Portfolioseite und ganz detailliert die aufwendigen Dekorationen aus Stein oben auf der Kontaktseite.<\/p>\n<div style=\"margin-top:20px;margin-bottom:20px;background-color: #ccc;height:1px;\" class=\"separator normal\"><\/div>\n<h3 style=\"text-align: left; color: #490002; margin-bottom: 20px;font-size: 22px;\">Stationen meines Lebensweges:<\/h3>\n<p>Mehrere Bilder stellen Teile meines Lebensweges dar. Mein Elternhaus sieht zwar ganz anders aus als das Blockhaus auf der Startseite, aber es f\u00fchlt sich trotzdem ein bisschen nach \u201eHeimat\u201c an, besonders wegen der bunten Herbstfarben, bei denen ich immer ein bisschen Heimweh bekomme. <\/p>\n<p>Es gibt mehrere Bilder aus M\u00fcnchen\u2014eine Anspielung auf die pr\u00e4genden Semester, die ich als Studentin dort verbracht habe. Auf der Haftungsausschlussseite sieht man den Justizpalast und den Neptunbrunnen. Ungef\u00e4hr diesen Blick hatte ich, als ich damals regelm\u00e4\u00dfig meine Mittagspause im alten botanischen Garten verbrachte, der unweit unseres Klassenzimmers war. Au\u00dferdem zeigt die Seite mit den Referenzen den Fries der Fassade der Glyptothek (immer noch eins meiner Lieblingsmuseen), und das Foto auf dieser Seite hier habe ich selbst w\u00e4hrend eines Aufenthaltes in den bayerischen Alpen gemacht.<\/p>\n<p>Das Bild des Nationaltheaters in Weimar auf der Biografieseite steht f\u00fcr den kulturellen Reichtum und die Brutalit\u00e4t der deutschen Geschichte. Als ich Weimar 1999 besuchte, war die Stadt gerade die \u201eKulturhauptstadt Europas\u201c, und deshalb gab es \u00fcberall in der Stadt Sonderausstellungen \u00fcber die Geschichte Weimars. Die Nationalsozialisten versuchten, sich den Ruhm der Stadt zu eigen zu machen, und eine der Ausstellungen enthielt Bilder des Theaters mit Hakenkreuzfahnen hinter dem Goethe-Schiller-Denkmal\u2014ein Bild, das sich mir sehr eingepr\u00e4gt hat.<\/p>\n<p>Die Bilder aus Marburg erinnern mich an ein sehr bedeutendes Jahr dort. Ich wohnte im Schatten des Landgrafenschlosses, das auf der Seite meiner Dienstleistungen abgebildet wird, und ging fast t\u00e4glich \u00fcber den Marktplatz (auf der Startseite). Jakob Grimm soll mal behauptet haben, dass es mehr Stufen in den Stra\u00dfen von Marburg g\u00e4be als in den H\u00e4usern, und es stellte sich in der Tat heraus, dass oben auf dem Berg zu wohnen kein schlechtes Fitnessprogramm ist! Das Foto im Marburger Abschnitt meiner Lebensgeschichte (Biografieseite) kommt eigentlich nicht aus Marburg, sondern aus einer Kirche im \u00f6stlichen \u00d6sterreich, aber es bildet Marburgs Patronin, die hl. Elisabeth von Th\u00fcringen, ab. Schon bevor Elisabeth als junge Witwe nach Marburg kam, war sie f\u00fcr ihre extreme N\u00e4chstenliebe bekannt. Der Legende nach war sie gerade dabei, den Armen Brot zu bringen, als ihr Mann sie fragte, was sie bei sich tr\u00fcge, woraufhin das Brot sich auf wundersame Weise in Rosen verwandelte. Deswegen wird sie oft wie hier mit einem Rock oder einem Korb voller Rosen dargestellt.<\/p>\n<p>Oben auf der Seite \u00fcber meine Biografie sieht man die Zentralbibliothek der Universit\u00e4t von Kalifornien in Berkeley, wo ich als Doktorandin viele Stunden verbrachte. South Hall, weiter unten auf der gleichen Seite, ist eins der zwei urspr\u00fcnglichen Geb\u00e4ude des Campus von 1873. Der Blick auf die Golden-Gate-Bridge neben dem Berkeley-Abschnitt meiner Lebensgeschichte zeigt zugegebenerma\u00dfen eine andere Perspektive als die aus meinem damaligen K\u00fcchenfenster in den \u201eBerkeley Hills\u201c, aber ich stand mehrmals auf ungef\u00e4hr dieser Stelle in Marin und schaute \u00fcber die Meerenge auf San Francisco.<\/p>\n<p>Und schlie\u00dflich Kassel, mein Wohnort seit 2007. Erst vor zwei Jahren wurde der Bergpark Wilhelmsh\u00f6he (im Kassel-Abschnitt der Lebensgeschichte und im Impressum zu sehen) als UNESCO-Weltkulturerbe anerkannt. Die hessischen Landgrafen bauten den Park in der Zeit des Barocks und der Romantik als ihren Landsitz aus, und sie lie\u00dfen ein aufwendiges System von Kaskaden und Font\u00e4nen anlegen, welches immer noch aus einem Wasserreservoir in den Bergen westlich der Stadt allein durch die Schwerkraft gespeist wird. Die L\u00f6wenburg auf der Impressumsseite wurde im sp\u00e4ten 18. Jahrhundert gebaut und soll die Ruinen einer mittelalterlichen Burg nachahmen. <\/p>\n<div style=\"margin-top:20px;margin-bottom:20px;background-color: #ccc;height:1px;\" class=\"separator normal\"><\/div>\n<h3 style=\"text-align: left; color: #490002; margin-bottom: 20px;font-size: 22px;\">Reformation:<\/h3>\n<p>Auf der Dienstleistungsseite deutet eine echte mittelalterliche Burg auf zwei Aspekte meines Berufs hin\u2014zum einen auf meine Ausbildung als Reformationshistorikerin und zum anderen auf meine freiberufliche T\u00e4tigkeit als \u00dcbersetzerin: Nachdem Martin Luther sich weigerte, seine Thesen am Reichstag in Worms zu widerrufen, versteckte er sich auf der Wartburg in der N\u00e4he von Eisenach und \u00fcbersetzte das Neue Testament ins Deutsche.<\/p>\n<p>Die Treppe der Vatikanischen Museen in Rom auf der Referenzenseite steht f\u00fcr die katholische Seite des konfessionellen Konfliktes und den Reichtum der katholischen Tradition. Ich habe nur ein paar Tage in Rom verbracht, aber was f\u00fcr eine beeindruckende St\u00e4tte f\u00fcr Historiker! Und das bringt uns zu den . . .<\/p>\n<div style=\"margin-top:20px;margin-bottom:20px;background-color: #ccc;height:1px;\" class=\"separator normal\"><\/div>\n<h3 style=\"text-align: left; color: #490002; margin-bottom: 20px;font-size: 22px;\">Reisen:<\/h3>\n<p>Die restlichen Bilder k\u00f6nnen meinen Reisen zugeordnet werden.<\/p>\n<p>Einer der frustrierendsten Reisetage meines Lebens war der, den ich in Stra\u00dfburg verbrachte. Als ich abreiste, versprach ich mir, erst wieder nach Frankreich zu kommen, wenn ich Franz\u00f6sisch gelernt h\u00e4tte! Danach musste ich im Rahmen meiner Promotion tats\u00e4chlich eine Pr\u00fcfung in Franz\u00f6sisch ablegen, und ich wage zu sagen, dass ich heutzutage zumindest den Stadtplan richtig lesen k\u00f6nnte! Das Bild der Paulskirche in Stra\u00dfburg passt auf die Portfolioseite, weil eines der Dokumente dort von Johannes Tauler stammt, einem Mystiker und Sch\u00fcler Meister Eckharts aus dem 14. Jahrhundert. Tauler wurde in Stra\u00dfburg geboren und verbrachte den Gro\u00dfteil seines Lebens dort; rund 80 seiner Predigten sind \u00fcberliefert und stellen die einzige Quelle seiner Lehre dar, die etwas praktischer orientiert war als die der zeitgen\u00f6ssischen Mystiker.<\/p>\n<p>Die Kirche auf der Biografieseite hat einen ganz anderen Charakter. Sie steht mitten im historischen Ortskern des Dorfes auf der ostfriesischen Nordseeinsel Spiekeroog. Wie die Inseln vor der K\u00fcste meiner Heimat North Carolina haben die Inseln vor der deutschen K\u00fcste einen einzigartigen Charme. Spiekeroog ist mein bevorzugtes Urlaubsziel geworden, und ich bin nun so oft dagewesen, dass ich auf dem Weg vom Hafen ins Dorf (zu Fu\u00df, da Spiekeroog autofrei ist!) ein bisschen das Gef\u00fchl habe, nach Hause zu kommen. Was gef\u00e4llt mir am meisten auf Spiekeroog? Na ja, der historische Charme des alten, gut erhaltenen Fischerdorfes zum einen und zum anderen das Spiel des Lichts und des Wassers in den flachen Lachen, die bei Ebbe am Strand entstehen. Ein Versuch dieses Lichtspiel im Foto festzuhalten ist oben auf der AGB-Seite zu sehen.<\/p>\n<p>Wenn ich mich nicht irre, bleibt nur ein Foto einer \u201eSt\u00e4tte\u201c (neben den Bildern von B\u00fcchern, usw.) \u00fcbrig, zu der ich eine k\u00fcnftige Reise planen muss! Auf der Blogseite steht das Bild einer Bibliothek in einer \u00f6sterreichischen Abtei, das wir, ehrlich gesagt, einfach gew\u00e4hlt haben, weil es so interessant ist!<\/p>\n","protected":false},"excerpt":{"rendered":"<p>\u00dcber die Bilder: Obwohl die meisten Bilder auf dieser Seite entweder lizenzfreie Fotos aus kommerziellen Sammlungen oder via Wikipedia frei zug\u00e4nglich sind, haben mein Webdesignteam und ich sie sorgf\u00e4ltig ausgesucht. Sie sind nicht nur \u00fcberwiegend historischen Charakters, sondern haben fast alle irgendeinen pers\u00f6nlichen Bezug zu&#8230;<\/p>\n","protected":false},"author":1,"featured_media":0,"parent":0,"menu_order":0,"comment_status":"closed","ping_status":"closed","template":"","meta":{"footnotes":""},"class_list":["post-574","page","type-page","status-publish","hentry"],"yoast_head":"<!-- This site is optimized with the Yoast SEO plugin v27.4 - https:\/\/yoast.com\/product\/yoast-seo-wordpress\/ -->\n<title>Zu den Bildern . . . - Writing History<\/title>\n<meta name=\"robots\" content=\"index, follow, max-snippet:-1, max-image-preview:large, max-video-preview:-1\" \/>\n<link rel=\"canonical\" href=\"https:\/\/writinghistory.de\/de\/zu-den-bildern\/\" \/>\n<meta property=\"og:locale\" content=\"de_DE\" \/>\n<meta property=\"og:type\" content=\"article\" \/>\n<meta property=\"og:title\" content=\"Zu den Bildern . . . - Writing History\" \/>\n<meta property=\"og:description\" content=\"\u00dcber die Bilder: Obwohl die meisten Bilder auf dieser Seite entweder lizenzfreie Fotos aus kommerziellen Sammlungen oder via Wikipedia frei zug\u00e4nglich sind, haben mein Webdesignteam und ich sie sorgf\u00e4ltig ausgesucht. Sie sind nicht nur \u00fcberwiegend historischen Charakters, sondern haben fast alle irgendeinen pers\u00f6nlichen Bezug zu...\" \/>\n<meta property=\"og:url\" content=\"https:\/\/writinghistory.de\/de\/zu-den-bildern\/\" \/>\n<meta property=\"og:site_name\" content=\"Writing History\" \/>\n<meta property=\"article:modified_time\" content=\"2015-01-25T21:27:38+00:00\" \/>\n<meta name=\"twitter:label1\" content=\"Gesch\u00e4tzte Lesezeit\" \/>\n\t<meta name=\"twitter:data1\" content=\"6\u00a0Minuten\" \/>\n<script type=\"application\/ld+json\" class=\"yoast-schema-graph\">{\"@context\":\"https:\\\/\\\/schema.org\",\"@graph\":[{\"@type\":\"WebPage\",\"@id\":\"https:\\\/\\\/writinghistory.de\\\/de\\\/zu-den-bildern\\\/\",\"url\":\"https:\\\/\\\/writinghistory.de\\\/de\\\/zu-den-bildern\\\/\",\"name\":\"Zu den Bildern . . . - Writing History\",\"isPartOf\":{\"@id\":\"https:\\\/\\\/writinghistory.de\\\/#website\"},\"datePublished\":\"2015-01-12T18:23:56+00:00\",\"dateModified\":\"2015-01-25T21:27:38+00:00\",\"breadcrumb\":{\"@id\":\"https:\\\/\\\/writinghistory.de\\\/de\\\/zu-den-bildern\\\/#breadcrumb\"},\"inLanguage\":\"de\",\"potentialAction\":[{\"@type\":\"ReadAction\",\"target\":[\"https:\\\/\\\/writinghistory.de\\\/de\\\/zu-den-bildern\\\/\"]}]},{\"@type\":\"BreadcrumbList\",\"@id\":\"https:\\\/\\\/writinghistory.de\\\/de\\\/zu-den-bildern\\\/#breadcrumb\",\"itemListElement\":[{\"@type\":\"ListItem\",\"position\":1,\"name\":\"Home\",\"item\":\"https:\\\/\\\/writinghistory.de\\\/de\\\/\"},{\"@type\":\"ListItem\",\"position\":2,\"name\":\"Zu den Bildern . . .\"}]},{\"@type\":\"WebSite\",\"@id\":\"https:\\\/\\\/writinghistory.de\\\/#website\",\"url\":\"https:\\\/\\\/writinghistory.de\\\/\",\"name\":\"Writing History\",\"description\":\"Scholarship with Style\",\"potentialAction\":[{\"@type\":\"SearchAction\",\"target\":{\"@type\":\"EntryPoint\",\"urlTemplate\":\"https:\\\/\\\/writinghistory.de\\\/?s={search_term_string}\"},\"query-input\":{\"@type\":\"PropertyValueSpecification\",\"valueRequired\":true,\"valueName\":\"search_term_string\"}}],\"inLanguage\":\"de\"}]}<\/script>\n<!-- \/ Yoast SEO plugin. -->","yoast_head_json":{"title":"Zu den Bildern . . . - Writing History","robots":{"index":"index","follow":"follow","max-snippet":"max-snippet:-1","max-image-preview":"max-image-preview:large","max-video-preview":"max-video-preview:-1"},"canonical":"https:\/\/writinghistory.de\/de\/zu-den-bildern\/","og_locale":"de_DE","og_type":"article","og_title":"Zu den Bildern . . . - Writing History","og_description":"\u00dcber die Bilder: Obwohl die meisten Bilder auf dieser Seite entweder lizenzfreie Fotos aus kommerziellen Sammlungen oder via Wikipedia frei zug\u00e4nglich sind, haben mein Webdesignteam und ich sie sorgf\u00e4ltig ausgesucht. Sie sind nicht nur \u00fcberwiegend historischen Charakters, sondern haben fast alle irgendeinen pers\u00f6nlichen Bezug zu...","og_url":"https:\/\/writinghistory.de\/de\/zu-den-bildern\/","og_site_name":"Writing History","article_modified_time":"2015-01-25T21:27:38+00:00","twitter_misc":{"Gesch\u00e4tzte Lesezeit":"6\u00a0Minuten"},"schema":{"@context":"https:\/\/schema.org","@graph":[{"@type":"WebPage","@id":"https:\/\/writinghistory.de\/de\/zu-den-bildern\/","url":"https:\/\/writinghistory.de\/de\/zu-den-bildern\/","name":"Zu den Bildern . . . - Writing History","isPartOf":{"@id":"https:\/\/writinghistory.de\/#website"},"datePublished":"2015-01-12T18:23:56+00:00","dateModified":"2015-01-25T21:27:38+00:00","breadcrumb":{"@id":"https:\/\/writinghistory.de\/de\/zu-den-bildern\/#breadcrumb"},"inLanguage":"de","potentialAction":[{"@type":"ReadAction","target":["https:\/\/writinghistory.de\/de\/zu-den-bildern\/"]}]},{"@type":"BreadcrumbList","@id":"https:\/\/writinghistory.de\/de\/zu-den-bildern\/#breadcrumb","itemListElement":[{"@type":"ListItem","position":1,"name":"Home","item":"https:\/\/writinghistory.de\/de\/"},{"@type":"ListItem","position":2,"name":"Zu den Bildern . . ."}]},{"@type":"WebSite","@id":"https:\/\/writinghistory.de\/#website","url":"https:\/\/writinghistory.de\/","name":"Writing History","description":"Scholarship with Style","potentialAction":[{"@type":"SearchAction","target":{"@type":"EntryPoint","urlTemplate":"https:\/\/writinghistory.de\/?s={search_term_string}"},"query-input":{"@type":"PropertyValueSpecification","valueRequired":true,"valueName":"search_term_string"}}],"inLanguage":"de"}]}},"_links":{"self":[{"href":"https:\/\/writinghistory.de\/de\/wp-json\/wp\/v2\/pages\/574","targetHints":{"allow":["GET"]}}],"collection":[{"href":"https:\/\/writinghistory.de\/de\/wp-json\/wp\/v2\/pages"}],"about":[{"href":"https:\/\/writinghistory.de\/de\/wp-json\/wp\/v2\/types\/page"}],"author":[{"embeddable":true,"href":"https:\/\/writinghistory.de\/de\/wp-json\/wp\/v2\/users\/1"}],"replies":[{"embeddable":true,"href":"https:\/\/writinghistory.de\/de\/wp-json\/wp\/v2\/comments?post=574"}],"version-history":[{"count":8,"href":"https:\/\/writinghistory.de\/de\/wp-json\/wp\/v2\/pages\/574\/revisions"}],"predecessor-version":[{"id":765,"href":"https:\/\/writinghistory.de\/de\/wp-json\/wp\/v2\/pages\/574\/revisions\/765"}],"wp:attachment":[{"href":"https:\/\/writinghistory.de\/de\/wp-json\/wp\/v2\/media?parent=574"}],"curies":[{"name":"wp","href":"https:\/\/api.w.org\/{rel}","templated":true}]}}