{"id":575,"date":"2015-01-12T18:24:01","date_gmt":"2015-01-12T18:24:01","guid":{"rendered":"https:\/\/writinghistory.de\/?page_id=575"},"modified":"2021-02-22T10:09:23","modified_gmt":"2021-02-22T10:09:23","slug":"hilfsmittel-fur-historiker","status":"publish","type":"page","link":"https:\/\/writinghistory.de\/de\/hilfsmittel-fur-historiker\/","title":{"rendered":"Hilfsmittel f\u00fcr Historiker"},"content":{"rendered":"<div class=\"two_columns_66_33 clearfix\"><div class=\"column1\"><div class=\"column_inner\">\n<h3 style=\"text-align: center; color: #490002; margin-bottom: 20px;\">Geschichtswissenschaftler im 21. Jahrhundert haben erstaunliche Ressourcen f\u00fcr die \u00dcbersetzung und Auslegung historischer Texte zur Hand.<\/h3>\n<p>Hier habe ich einige davon zusammengestellt. Gerne nehme ich Vorschl\u00e4ge entgegen, wie die Liste erg\u00e4nzt und verbessert werden kann. Am besten gleich unten als Kommentar!<\/p>\n<h3 style=\"text-align: left; color: #490002; margin-bottom: 20px; font-size: 22px;\">Deutsche W\u00f6rterb\u00fccher<\/h3>\n<p>Das Trier Center for the Digital Humanities bietet die M\u00f6glichkeit, 25 historische W\u00f6rterb\u00fccher und Nachschlagwerke mit einer Suchmaske zu durchsuchen! Das bekannteste davon ist das <em>Deutsche W\u00f6rterbuch<\/em>, das von den Br\u00fcdern Grimm (die \u00fcbrigens in Kassel zur Schule gingen und an der Universit\u00e4t Marburg studierten) im 19. Jahrhundert ins Werk gesetzt\u00a0wurde. Es ist ein unentbehrliches Hilfsmittel f\u00fcr die \u00dcbersetzung historischer Texte, besonders in digitaler Form.<\/p>\n<p><a href=\"http:\/\/woerterbuchnetz.de\/\" target=\"_blank\" rel=\"noopener noreferrer\">http:\/\/woerterbuchnetz.de\/<\/a><\/p>\n<p>&nbsp;<\/p>\n<p>Ein weiteres W\u00f6rterbuch f\u00fcr Fr\u00fchneuhochdeutsch wird von der Akademie der Wissenschaften zu G\u00f6ttingen nach und nach hier digitalisiert:<\/p>\n<p><a href=\"https:\/\/fwb-online.de\/\" target=\"_blank\" rel=\"noopener noreferrer\">https:\/\/fwb-online.de\/<\/a><\/p>\n<p>&nbsp;<\/p>\n<p>Obwohl genau genommen kein\u00a0W\u00f6rterbuch, bietet die Website academic.com \u00a0eine zentrale Suchmaske f\u00fcr eine weitreichende Sammlung Nachschlagwerke, sowohl auf Deutsch als auch auf Englisch:<\/p>\n<p>German:\u00a0<a target=\"_blank\" href=\"http:\/\/www.deacademic.com\/\" rel=\"noopener noreferrer\">http:\/\/www.deacademic.com\/<\/a><\/p>\n<p>English:\u00a0<a target=\"_blank\" href=\"http:\/\/www.enacademic.com\/\" rel=\"noopener noreferrer\">http:\/\/www.enacademic.com\/<\/a><\/p>\n<div style=\"margin-top:20px;margin-bottom:20px;background-color: #ccc;height:1px;\" class=\"separator normal\"><\/div>\n<h3 style=\"text-align: left; color: #490002; margin-bottom: 20px; font-size: 22px;\">Allgemeine Ressourcen und Sammlungen:<\/h3>\n<p>Das Blog \u201eThe Labyrinth\u201c bietet eine Sammlung von Hilfsmitteln zum Mittelalter an.<\/p>\n<p><a href=\"https:\/\/blogs.commons.georgetown.edu\/labyrinth\/\" target=\"_blank\" rel=\"noopener noreferrer\">https:\/\/blogs.commons.georgetown.edu\/labyrinth\/<\/a><\/p>\n<p>Eine private wissenschaftliche Initiative, um eine zentrale Liste von Links und Hilfsmitteln zum Mittelalter anzulegen:<\/p>\n<p><a href=\"https:\/\/www.mediaevum.de\/links\" target=\"_blank\" rel=\"noopener noreferrer\">https:\/\/www.mediaevum.de\/links<\/a><\/p>\n<\/div><\/div>\n<div class=\"column2\"><div class=\"column_inner\"><img decoding=\"async\" style=\"width: 300px; display: block; margin: 9px auto 0;\" src=\"https:\/\/writinghistory.de\/wp-content\/uploads\/2015\/01\/Depositphotos_1317176_s.jpg\" alt=\"\" \/><\/div><\/div><\/div>\n<div style=\"margin-top:20px;margin-bottom:20px;background-color: #ccc;height:1px;\" class=\"separator normal\"><\/div>\n<h3 style=\"text-align: left; color: #490002; margin-bottom: 20px; font-size: 22px;\">Glossaries<\/h3>\n<p>Meine Kollegin Ann C. Sherwin \u00fcbersetzt als Familienforscherin \u00fcberwiegend historische Dokumente. Sie hat eine n\u00fctzliche Liste von deutschen Begriffen mit ihren englischen Pendants bzw. Erkl\u00e4rungen auf Englisch zusammengestellt.<\/p>\n<p><a target=\"_blank\" href=\"https:\/\/writinghistory.de\/wp-content\/uploads\/2019\/05\/Glossary-of-Old-German-Words.pdf\" rel=\"noopener noreferrer\">https:\/\/writinghistory.de\/wp-content\/uploads\/2019\/05\/Glossary-of-Old-German-Words.pdf<\/a><\/p>\n<p>Auf der Seite des Dorset Online Parish Clerk Projektes (Rootsweb) gibt es eine Liste mit Begriffen, die in englischen Dokumenten des 17. und 18. Jahrhunderts vorkommen.<\/p>\n<p><a href=\"http:\/\/freepages.genealogy.rootsweb.ancestry.com\/~fordingtondorset\/Files\/Glossary.html\" target=\"_blank\" rel=\"noopener noreferrer\">http:\/\/freepages.genealogy.rootsweb.ancestry.com\/~fordingtondorset\/Files\/Glossary.html<\/a><\/p>\n<div style=\"margin-top:20px;margin-bottom:20px;background-color: #ccc;height:1px;\" class=\"separator normal\"><\/div>\n<h3 style=\"text-align: left; color: #490002; margin-bottom: 20px; font-size: 22px;\">Pal\u00e4ografie<\/h3>\n<p>Das Lesen von archivalischen Quellen braucht viel \u00dcbung. Daf\u00fcr gibt es n\u00fctzliche Webseiten:<\/p>\n<p>Mit diesen \u00dcbungen kann man Kurrentschrift lesen lernen, zumindest wie sie im 18. bis 20. Jahrhundert benutzt worden ist. Das ist ein erster guter Schritt, um sp\u00e4ter noch \u00e4ltere Dokumente zu entziffern.<\/p>\n<p><a href=\"http:\/\/www.suetterlinschrift.de\/\" target=\"_blank\" rel=\"noopener noreferrer\">http:\/\/www.suetterlinschrift.de\/<\/a><br \/>\n<a href=\"http:\/\/www.kurrent.de\/\" target=\"_blank\" rel=\"noopener noreferrer\">http:\/\/www.kurrent.de\/<\/a><br \/>\n<a href=\"https:\/\/script.byu.edu\/\" target=\"_blank\" rel=\"noopener noreferrer\">https:\/\/script.byu.edu\/<\/a><br \/>\n<a href=\"https:\/\/homepage.univie.ac.at\/johannes.seidl\/wp-content\/uploads\/2014\/11\/Schriftenskriptum.pdf\" target=\"_blank\" rel=\"noopener noreferrer\">https:\/\/homepage.univie.ac.at\/johannes.seidl\/wp-content\/uploads\/2014\/11\/Schriftenskriptum.pdf<\/a><\/p>\n<p>Die Universit\u00e4t von Nottingham betreut eine hervorragende Seite f\u00fcr das Lesen und Auslegen von mittelalterlichen englischen (und lateinischen) Dokumenten:<\/p>\n<p><a href=\"http:\/\/www.nottingham.ac.uk\/manuscriptsandspecialcollections\/researchguidance\/medievaldocuments\/introduction.aspx\" target=\"_blank\" rel=\"noopener noreferrer\">http:\/\/www.nottingham.ac.uk\/manuscriptsandspecialcollections\/researchguidance\/medievaldocuments\/introduction.aspx<\/a><\/p>\n<p>Und wer als Historiker die Arbeit gelegentlich etwas vor sich herschieben m\u00f6chte, genie\u00dft bestimmt das \u201eDucking Stool Game\u201c, bei dem man alte englische Handschriften kennenlernt!<\/p>\n<p><a href=\"http:\/\/www.nationalarchives.gov.uk\/palaeography\/default.htm\" target=\"_blank\" rel=\"noopener noreferrer\">http:\/\/www.nationalarchives.gov.uk\/palaeography\/default.htm<\/a><\/p>\n<div style=\"margin-top:20px;margin-bottom:20px;background-color: #ccc;height:1px;\" class=\"separator normal\"><\/div>\n<div class=\"two_columns_33_66 clearfix\"><div class=\"column1\"><div class=\"column_inner\"><img decoding=\"async\" style=\"margin-top: 9px;\" src=\"https:\/\/writinghistory.de\/wp-content\/uploads\/2015\/01\/Depositphotos_9830822_s.jpg\" alt=\"\" \/><\/div><\/div>\n<div class=\"column2\"><div class=\"column_inner\">\n<h3 style=\"text-align: left; color: #490002; margin-bottom: 20px; font-size: 22px;\">Abk\u00fcrzungen:<\/h3>\n<p>Manchmal reicht es nicht, einen alten Text lesen zu k\u00f6nnen, weil Schreiber oft Abk\u00fcrzungen benutzten, die nicht mehr \u00fcblich sind. Die folgenden Links bieten dazu Hilfe:<\/p>\n<p><a title=\"Lexicon Abbreviaturarum\" href=\"http:\/\/www.ub.uni-koeln.de\/cdm\/compoundobject\/collection\/mono20\/id\/8533\/rec\/1\" target=\"_blank\" rel=\"noopener noreferrer\">http:\/\/www.ub.uni-koeln.de\/cdm\/compoundobject\/collection\/mono20\/id\/8533\/rec\/1<\/a><br \/>\n<a href=\"https:\/\/archive.org\/stream\/notaelatinae00linduoft#page\/n5\/mode\/2up\" target=\"_blank\" rel=\"noopener noreferrer\">https:\/\/archive.org\/stream\/notaelatinae00linduoft#page\/n5\/mode\/2up<\/a><br \/>\n<a href=\"http:\/\/people.ucalgary.ca\/~scriptor\/papers\/pluta\/pluta.html\" target=\"_blank\" rel=\"noopener noreferrer\">http:\/\/people.ucalgary.ca\/~scriptor\/papers\/pluta\/pluta.html<\/a><\/p>\n<div style=\"margin-top:20px;margin-bottom:20px;background-color: #ccc;height:1px;\" class=\"separator normal\"><\/div>\n<h3 style=\"text-align: left; color: #490002; margin-bottom: 20px; font-size: 22px;\">Datierung:<\/h3>\n<p>Die Datierung \u00e4lterer Texte basiert oft auf religi\u00f6sen Feiertagen, die z. B. je nach Mondphase an unterschiedlichen Tagen gefeiert wurden.<\/p>\n<p>Das Standardwerk f\u00fcr die Berechnung solcher Daten in deutschen Quellen ist Hermann Grotefends Taschenbuch der Zeitrechnung des deutschen Mittelalters und der Neuzeit, das nun auch in digitaler Form zug\u00e4nglich ist:<\/p>\n<p><a href=\"http:\/\/www.manuscripta-mediaevalia.de\/gaeste\/grotefend\/grotefend.htm\" target=\"_blank\" rel=\"noopener noreferrer\">http:\/\/www.manuscripta-mediaevalia.de\/gaeste\/grotefend\/grotefend.htm<\/a><br \/>\n<a href=\"https:\/\/www.mediaevum.de\/links\/nachschlagewerke\/kalender\" target=\"_blank\" rel=\"noopener noreferrer\">https:\/\/www.mediaevum.de\/links\/nachschlagewerke\/kalender<\/a><\/p>\n<p>Die obengenannte Seite der Universit\u00e4t Nottingham beinhaltet auch Informationen zur Datierung in englischen Quellen und ein Lernquiz.<\/p>\n<p><a href=\"http:\/\/www.nottingham.ac.uk\/manuscriptsandspecialcollections\/researchguidance\/datingdocuments\/introduction.aspx\" target=\"_blank\" rel=\"noopener noreferrer\">http:\/\/www.nottingham.ac.uk\/manuscriptsandspecialcollections\/researchguidance\/datingdocuments\/introduction.aspx<\/a><br \/>\n<\/div><\/div><\/div>\n<div style=\"margin-top:20px;margin-bottom:20px;background-color: #ccc;height:1px;\" class=\"separator normal\"><\/div>\n<div class=\"two_columns_50_50 clearfix\"><div class=\"column1\"><div class=\"column_inner\">\n<h3 style=\"text-align: left; color: #490002; margin-bottom: 20px; font-size: 22px;\">Bilder:<\/h3>\n<p>Die Pitts Theology Library an der Emory Universit\u00e4t hat \u00fcber 48.000 Bildquellen digitalisiert und im Internet f\u00fcr Unterrichts- und Forschungszwecke zug\u00e4nglich gemacht. Hier l\u00e4sst sich eine reiche Auswahl an Bildern mit religi\u00f6sen Themen aus der Reformationszeit finden.<\/p>\n<p><a href=\"http:\/\/pitts.emory.edu\/dia\/\" target=\"_blank\" rel=\"noopener noreferrer\">http:\/\/pitts.emory.edu\/dia\/<\/a><\/p>\n<p>F\u00fcr sein Projekt \u201eDeutsche Geschichte in Dokumenten und Bildern\u201c hat das Deutsche Historische Institut in Washington, D.C., USA, Hunderte historischer Bildquellen aus dem deutschsprachigen Raum ins Netz gestellt:<\/p>\n<p><a href=\"http:\/\/germanhistorydocs.ghi-dc.org\/home.cfm\" target=\"_blank\" rel=\"noopener noreferrer\">http:\/\/germanhistorydocs.ghi-dc.org\/home.cfm<\/a><br \/>\n<\/div><\/div>\n<div class=\"column2\"><div class=\"column_inner\">\n<h3 style=\"text-align: left; color: #490002; margin-bottom: 20px; font-size: 22px;\">Landkarten:<\/h3>\n<p>Eine Sammlung digitaler historischer Karten seit der Antike:<\/p>\n<p><a href=\"http:\/\/www.myoldmaps.com\/\" target=\"_blank\" rel=\"noopener noreferrer\">http:\/\/www.myoldmaps.com\/<\/a><\/p>\n<p>Neben Bildquellen stellt das Deutsche Historische Institut in Washington, D.C., USA, in jedem der zehn B\u00e4nde seiner Sammlung \u201eDeutsche Geschichte in Dokumenten und Bildern\u201c eine Reihe moderner Landkarten zu Verf\u00fcgung, die Aspekte der deutschen Geschichte darstellen:<\/p>\n<p><a href=\"http:\/\/germanhistorydocs.ghi-dc.org\/home.cfm\" target=\"_blank\" rel=\"noopener noreferrer\">http:\/\/germanhistorydocs.ghi-dc.org\/home.cfm<\/a><br \/>\n<\/div><\/div><\/div>\n<div style=\"margin-top:20px;margin-bottom:20px;background-color: #ccc;height:1px;\" class=\"separator normal\"><\/div>\n<div class=\"two_columns_50_50 clearfix\"><div class=\"column1\"><div class=\"column_inner\">\n<h3 style=\"text-align: left; color: #490002; margin-bottom: 20px; font-size: 22px;\">Gewichtseinheiten und Ma\u00dfe:<\/h3>\n<p>Historische Dokumente benutzen oft nicht mehr gebr\u00e4uchliche oder nur regional verwendete Ma\u00df- oder Gewichtseinheiten, die nicht unbedingt \u00fcbersetzt werden k\u00f6nnen:<\/p>\n<p><a href=\"http:\/\/wiki-de.genealogy.net\/L%C3%A4ngenma%C3%9Fe\" target=\"_blank\" rel=\"noopener noreferrer\">http:\/\/wiki-de.genealogy.net\/L%C3%A4ngenma%C3%9Fe<\/a><br \/>\n<a href=\"http:\/\/www.nottingham.ac.uk\/manuscriptsandspecialcollections\/researchguidance\/weightsandmeasures\/introduction.aspx\" target=\"_blank\" rel=\"noopener noreferrer\">http:\/\/www.nottingham.ac.uk\/manuscriptsandspecialcollections\/researchguidance<br \/>\n\/weightsandmeasures\/introduction.aspx<\/a><br \/>\n<\/div><\/div>\n<div class=\"column2\"><div class=\"column_inner\">\n<h3 style=\"text-align: left; color: #490002; margin-bottom: 20px; font-size: 22px;\">W\u00e4hrungen:<\/h3>\n<p>Wie Ma\u00dfeinheiten unterschieden sich auch W\u00e4hrungen von Ort zu Ort und stellen deshalb manchmal eine echte Herausforderung dar:<\/p>\n<p><a href=\"http:\/\/www.nationalarchives.gov.uk\/palaeography\/quick_reference.htm#money\" target=\"_blank\" rel=\"noopener noreferrer\">http:\/\/www.nationalarchives.gov.uk\/palaeography\/quick_reference.htm#money<\/a><br \/>\n<a href=\"http:\/\/www.personal.utulsa.edu\/~marc-carlson\/history\/coin.html\" target=\"_blank\" rel=\"noopener noreferrer\">http:\/\/www.personal.utulsa.edu\/~marc-carlson\/history\/coin.html<\/a><br \/>\n<\/div><\/div><\/div>\n<div style=\"margin-top:20px;margin-bottom:40px;background-color: #ccc;height:1px;\" class=\"separator normal\"><\/div>\n<div class=\"call_to_action with_border\" style=\"border-color: #0D0D0D; background: #0D0D0D; ;margin-bottom: 0px;\">\n<div class=\"two_columns_75_25 clearfix\">\n<div class=\"column1\">\n<div class=\"column_inner\">\n<h3 style=\"text-align: center; color: #fff;\">Wollen Sie mehr wissen? Kontaktieren Sie mich!<\/h3>\n<\/div>\n<\/div>\n<div class=\"column2\">\n<div class=\"column_inner\">\n<p style=\"text-align: right; margin-top: 15px;\"><a href=\"https:\/\/writinghistory.de\/de\/kontakt\/\" target=\"_self\" class=\"button tiny\" style=\"color: #fff; background-color: #5B0000; font-size: 26pxpx; line-height: 26pxpx; font-style: normal; font-weight: 400; \">Kontakt<\/a>\n<\/div>\n<\/div>\n<\/div>\n<\/div>\n<div style=\"margin-top:40px;margin-bottom:40px;background-color: #ccc;height:1px;\" class=\"separator normal\"><\/div>\n<h3 style=\"text-align: center; color: #490002; margin-bottom: 20px;\">Comments section:<\/h3>\n","protected":false},"excerpt":{"rendered":"<p>Glossaries Meine Kollegin Ann C. Sherwin \u00fcbersetzt als Familienforscherin \u00fcberwiegend historische Dokumente. Sie hat eine n\u00fctzliche Liste von deutschen Begriffen mit ihren englischen Pendants bzw. Erkl\u00e4rungen auf Englisch zusammengestellt. https:\/\/writinghistory.de\/wp-content\/uploads\/2019\/05\/Glossary-of-Old-German-Words.pdf Auf der Seite des Dorset Online Parish Clerk Projektes (Rootsweb) gibt es eine Liste mit&#8230;<\/p>\n","protected":false},"author":1,"featured_media":0,"parent":0,"menu_order":0,"comment_status":"closed","ping_status":"closed","template":"","meta":{"footnotes":""},"class_list":["post-575","page","type-page","status-publish","hentry"],"yoast_head":"<!-- This site is optimized with the Yoast SEO plugin v27.4 - https:\/\/yoast.com\/product\/yoast-seo-wordpress\/ -->\n<title>Ressourcen f\u00fcr die \u00dcbersetzung historischer Texte.<\/title>\n<meta name=\"description\" content=\"Eine Sammlung von Ressourcen f\u00fcr die Auslegung und \u00dcbersetzung historischer Texte.\" \/>\n<meta name=\"robots\" content=\"index, follow, max-snippet:-1, max-image-preview:large, max-video-preview:-1\" \/>\n<link rel=\"canonical\" href=\"https:\/\/writinghistory.de\/de\/hilfsmittel-fur-historiker\/\" \/>\n<meta property=\"og:locale\" content=\"de_DE\" \/>\n<meta property=\"og:type\" content=\"article\" \/>\n<meta property=\"og:title\" content=\"Ressourcen f\u00fcr die \u00dcbersetzung historischer Texte.\" \/>\n<meta property=\"og:description\" content=\"Eine Sammlung von Ressourcen f\u00fcr die Auslegung und \u00dcbersetzung historischer Texte.\" \/>\n<meta property=\"og:url\" content=\"https:\/\/writinghistory.de\/de\/hilfsmittel-fur-historiker\/\" \/>\n<meta property=\"og:site_name\" content=\"Writing History\" \/>\n<meta property=\"article:modified_time\" content=\"2021-02-22T10:09:23+00:00\" \/>\n<meta property=\"og:image\" content=\"https:\/\/writinghistory.de\/wp-content\/uploads\/2015\/01\/Depositphotos_1317176_s.jpg\" \/>\n<meta name=\"twitter:label1\" content=\"Gesch\u00e4tzte Lesezeit\" \/>\n\t<meta name=\"twitter:data1\" content=\"5\u00a0Minuten\" \/>\n<script type=\"application\/ld+json\" class=\"yoast-schema-graph\">{\"@context\":\"https:\\\/\\\/schema.org\",\"@graph\":[{\"@type\":\"WebPage\",\"@id\":\"https:\\\/\\\/writinghistory.de\\\/de\\\/hilfsmittel-fur-historiker\\\/\",\"url\":\"https:\\\/\\\/writinghistory.de\\\/de\\\/hilfsmittel-fur-historiker\\\/\",\"name\":\"Ressourcen f\u00fcr die \u00dcbersetzung historischer Texte.\",\"isPartOf\":{\"@id\":\"https:\\\/\\\/writinghistory.de\\\/#website\"},\"primaryImageOfPage\":{\"@id\":\"https:\\\/\\\/writinghistory.de\\\/de\\\/hilfsmittel-fur-historiker\\\/#primaryimage\"},\"image\":{\"@id\":\"https:\\\/\\\/writinghistory.de\\\/de\\\/hilfsmittel-fur-historiker\\\/#primaryimage\"},\"thumbnailUrl\":\"https:\\\/\\\/writinghistory.de\\\/wp-content\\\/uploads\\\/2015\\\/01\\\/Depositphotos_1317176_s.jpg\",\"datePublished\":\"2015-01-12T18:24:01+00:00\",\"dateModified\":\"2021-02-22T10:09:23+00:00\",\"description\":\"Eine Sammlung von Ressourcen f\u00fcr die Auslegung und \u00dcbersetzung historischer Texte.\",\"breadcrumb\":{\"@id\":\"https:\\\/\\\/writinghistory.de\\\/de\\\/hilfsmittel-fur-historiker\\\/#breadcrumb\"},\"inLanguage\":\"de\",\"potentialAction\":[{\"@type\":\"ReadAction\",\"target\":[\"https:\\\/\\\/writinghistory.de\\\/de\\\/hilfsmittel-fur-historiker\\\/\"]}]},{\"@type\":\"ImageObject\",\"inLanguage\":\"de\",\"@id\":\"https:\\\/\\\/writinghistory.de\\\/de\\\/hilfsmittel-fur-historiker\\\/#primaryimage\",\"url\":\"https:\\\/\\\/writinghistory.de\\\/wp-content\\\/uploads\\\/2015\\\/01\\\/Depositphotos_1317176_s.jpg\",\"contentUrl\":\"https:\\\/\\\/writinghistory.de\\\/wp-content\\\/uploads\\\/2015\\\/01\\\/Depositphotos_1317176_s.jpg\"},{\"@type\":\"BreadcrumbList\",\"@id\":\"https:\\\/\\\/writinghistory.de\\\/de\\\/hilfsmittel-fur-historiker\\\/#breadcrumb\",\"itemListElement\":[{\"@type\":\"ListItem\",\"position\":1,\"name\":\"Home\",\"item\":\"https:\\\/\\\/writinghistory.de\\\/de\\\/\"},{\"@type\":\"ListItem\",\"position\":2,\"name\":\"Hilfsmittel f\u00fcr Historiker\"}]},{\"@type\":\"WebSite\",\"@id\":\"https:\\\/\\\/writinghistory.de\\\/#website\",\"url\":\"https:\\\/\\\/writinghistory.de\\\/\",\"name\":\"Writing History\",\"description\":\"Scholarship with Style\",\"potentialAction\":[{\"@type\":\"SearchAction\",\"target\":{\"@type\":\"EntryPoint\",\"urlTemplate\":\"https:\\\/\\\/writinghistory.de\\\/?s={search_term_string}\"},\"query-input\":{\"@type\":\"PropertyValueSpecification\",\"valueRequired\":true,\"valueName\":\"search_term_string\"}}],\"inLanguage\":\"de\"}]}<\/script>\n<!-- \/ Yoast SEO plugin. -->","yoast_head_json":{"title":"Ressourcen f\u00fcr die \u00dcbersetzung historischer Texte.","description":"Eine Sammlung von Ressourcen f\u00fcr die Auslegung und \u00dcbersetzung historischer Texte.","robots":{"index":"index","follow":"follow","max-snippet":"max-snippet:-1","max-image-preview":"max-image-preview:large","max-video-preview":"max-video-preview:-1"},"canonical":"https:\/\/writinghistory.de\/de\/hilfsmittel-fur-historiker\/","og_locale":"de_DE","og_type":"article","og_title":"Ressourcen f\u00fcr die \u00dcbersetzung historischer Texte.","og_description":"Eine Sammlung von Ressourcen f\u00fcr die Auslegung und \u00dcbersetzung historischer Texte.","og_url":"https:\/\/writinghistory.de\/de\/hilfsmittel-fur-historiker\/","og_site_name":"Writing History","article_modified_time":"2021-02-22T10:09:23+00:00","og_image":[{"url":"https:\/\/writinghistory.de\/wp-content\/uploads\/2015\/01\/Depositphotos_1317176_s.jpg","type":"","width":"","height":""}],"twitter_misc":{"Gesch\u00e4tzte Lesezeit":"5\u00a0Minuten"},"schema":{"@context":"https:\/\/schema.org","@graph":[{"@type":"WebPage","@id":"https:\/\/writinghistory.de\/de\/hilfsmittel-fur-historiker\/","url":"https:\/\/writinghistory.de\/de\/hilfsmittel-fur-historiker\/","name":"Ressourcen f\u00fcr die \u00dcbersetzung historischer Texte.","isPartOf":{"@id":"https:\/\/writinghistory.de\/#website"},"primaryImageOfPage":{"@id":"https:\/\/writinghistory.de\/de\/hilfsmittel-fur-historiker\/#primaryimage"},"image":{"@id":"https:\/\/writinghistory.de\/de\/hilfsmittel-fur-historiker\/#primaryimage"},"thumbnailUrl":"https:\/\/writinghistory.de\/wp-content\/uploads\/2015\/01\/Depositphotos_1317176_s.jpg","datePublished":"2015-01-12T18:24:01+00:00","dateModified":"2021-02-22T10:09:23+00:00","description":"Eine Sammlung von Ressourcen f\u00fcr die Auslegung und \u00dcbersetzung historischer Texte.","breadcrumb":{"@id":"https:\/\/writinghistory.de\/de\/hilfsmittel-fur-historiker\/#breadcrumb"},"inLanguage":"de","potentialAction":[{"@type":"ReadAction","target":["https:\/\/writinghistory.de\/de\/hilfsmittel-fur-historiker\/"]}]},{"@type":"ImageObject","inLanguage":"de","@id":"https:\/\/writinghistory.de\/de\/hilfsmittel-fur-historiker\/#primaryimage","url":"https:\/\/writinghistory.de\/wp-content\/uploads\/2015\/01\/Depositphotos_1317176_s.jpg","contentUrl":"https:\/\/writinghistory.de\/wp-content\/uploads\/2015\/01\/Depositphotos_1317176_s.jpg"},{"@type":"BreadcrumbList","@id":"https:\/\/writinghistory.de\/de\/hilfsmittel-fur-historiker\/#breadcrumb","itemListElement":[{"@type":"ListItem","position":1,"name":"Home","item":"https:\/\/writinghistory.de\/de\/"},{"@type":"ListItem","position":2,"name":"Hilfsmittel f\u00fcr Historiker"}]},{"@type":"WebSite","@id":"https:\/\/writinghistory.de\/#website","url":"https:\/\/writinghistory.de\/","name":"Writing History","description":"Scholarship with Style","potentialAction":[{"@type":"SearchAction","target":{"@type":"EntryPoint","urlTemplate":"https:\/\/writinghistory.de\/?s={search_term_string}"},"query-input":{"@type":"PropertyValueSpecification","valueRequired":true,"valueName":"search_term_string"}}],"inLanguage":"de"}]}},"_links":{"self":[{"href":"https:\/\/writinghistory.de\/de\/wp-json\/wp\/v2\/pages\/575","targetHints":{"allow":["GET"]}}],"collection":[{"href":"https:\/\/writinghistory.de\/de\/wp-json\/wp\/v2\/pages"}],"about":[{"href":"https:\/\/writinghistory.de\/de\/wp-json\/wp\/v2\/types\/page"}],"author":[{"embeddable":true,"href":"https:\/\/writinghistory.de\/de\/wp-json\/wp\/v2\/users\/1"}],"replies":[{"embeddable":true,"href":"https:\/\/writinghistory.de\/de\/wp-json\/wp\/v2\/comments?post=575"}],"version-history":[{"count":32,"href":"https:\/\/writinghistory.de\/de\/wp-json\/wp\/v2\/pages\/575\/revisions"}],"predecessor-version":[{"id":1258,"href":"https:\/\/writinghistory.de\/de\/wp-json\/wp\/v2\/pages\/575\/revisions\/1258"}],"wp:attachment":[{"href":"https:\/\/writinghistory.de\/de\/wp-json\/wp\/v2\/media?parent=575"}],"curies":[{"name":"wp","href":"https:\/\/api.w.org\/{rel}","templated":true}]}}